{"id":1921,"date":"2017-12-17T22:59:49","date_gmt":"2017-12-17T21:59:49","guid":{"rendered":"http:\/\/vrtecacc33.splet.arnes.si\/?page_id=1921"},"modified":"2023-10-11T18:14:13","modified_gmt":"2023-10-11T16:14:13","slug":"projekti","status":"publish","type":"page","link":"https:\/\/vrtecacc13.splet.arnes.si\/?page_id=1921","title":{"rendered":"Projekti"},"content":{"rendered":"<p>Projekti:<\/p>\n<p>Vsako \u0161olsko leto te\u010dejo v okviru izvedbenega kurikula vrtca razli\u010dni projekti. V \u0161olskem letu 2017\/2018 bomo izvajali naslednje projekte:<\/p>\n<ul>\n<li><a href=\"https:\/\/vrtecacc13.splet.arnes.si\/?p=7602&amp;preview=true\" target=\"_blank\" rel=\"noopener\">Podnebni cilji in vsebine v vzgoji in izobra\u017eevanju<\/a><\/li>\n<li><a href=\"http:\/\/vrtecacc13.splet.arnes.si\/files\/2017\/12\/eko-vrtec.pdf\" target=\"_blank\" rel=\"noopener\">Eko vrtec<\/a><\/li>\n<li>Razigrani gozd<\/li>\n<li>Pasav\u010dek<\/li>\n<li><a href=\"http:\/\/vrtecacc13.splet.arnes.si\/files\/2017\/12\/Varno-s-soncem.pdf\" target=\"_blank\" rel=\"noopener\">Varno s soncem<\/a><\/li>\n<li><a href=\"http:\/\/vrtecacc13.splet.arnes.si\/files\/2017\/12\/OBJEM.pdf\" target=\"_blank\" rel=\"noopener\">OBJEM<\/a><\/li>\n<\/ul>\n<p>Sodelujemo \u0161e:<\/p>\n<ul>\n<li><a href=\"https:\/\/moc.celje.si\/novice-in-obvestila\/7306-trajnostno-strategijo-za-kakovostno-sobivanje-in-sodelovanje-vseh-generacij-zelimo-ziveti\">Trajnostno strategijo za kakovostno sobivanje in sodelovanje vseh generacij<\/a><\/li>\n<li><a href=\"https:\/\/www.mc-celje.si\/polet_s_knjigo_\/\">Polet s knjigo<\/a><\/li>\n<li><a href=\"https:\/\/turisticna-zveza.si\/projekt\/turizem-in-vrtec#about-project\">Turizem in vrtec<\/a><\/li>\n<li><a href=\"https:\/\/moc.celje.si\/novice-in-obvestila\/7247-trajnostna-mobilnost-v-mestni-obcini-celje\">Trajnostna mobilnost <\/a><\/li>\n<\/ul>\n<p><a href=\"https:\/\/moc.celje.si\/novice-in-obvestila\/8461-presernovo-ulico-v-evropskem-tednu-mobilnosti-zapiramo-za-promet-in-odpiramo-za-ljudi\">Evropski teden mobilnosti<\/a><\/p>\n<p>&nbsp;<\/p>\n","protected":false},"excerpt":{"rendered":"<p>Projekti: Vsako \u0161olsko leto te\u010dejo v okviru izvedbenega kurikula vrtca razli\u010dni projekti. V \u0161olskem letu 2017\/2018 bomo izvajali naslednje projekte: Podnebni cilji in vsebine v vzgoji in izobra\u017eevanju Eko vrtec Razigrani gozd Pasav\u010dek Varno s soncem OBJEM Sodelujemo \u0161e: Trajnostno strategijo za kakovostno sobivanje in sodelovanje vseh generacij Polet s knjigo Turizem in vrtec Trajnostna [&hellip;]<\/p>\n","protected":false},"author":11798,"featured_media":0,"parent":0,"menu_order":0,"comment_status":"closed","ping_status":"closed","template":"","meta":{"_et_pb_use_builder":"","_et_pb_old_content":"","_et_gb_content_width":"","ngg_post_thumbnail":0,"footnotes":""},"class_list":["post-1921","page","type-page","status-publish","hentry"],"_links":{"self":[{"href":"https:\/\/vrtecacc13.splet.arnes.si\/index.php?rest_route=\/wp\/v2\/pages\/1921","targetHints":{"allow":["GET"]}}],"collection":[{"href":"https:\/\/vrtecacc13.splet.arnes.si\/index.php?rest_route=\/wp\/v2\/pages"}],"about":[{"href":"https:\/\/vrtecacc13.splet.arnes.si\/index.php?rest_route=\/wp\/v2\/types\/page"}],"author":[{"embeddable":true,"href":"https:\/\/vrtecacc13.splet.arnes.si\/index.php?rest_route=\/wp\/v2\/users\/11798"}],"replies":[{"embeddable":true,"href":"https:\/\/vrtecacc13.splet.arnes.si\/index.php?rest_route=%2Fwp%2Fv2%2Fcomments&post=1921"}],"version-history":[{"count":10,"href":"https:\/\/vrtecacc13.splet.arnes.si\/index.php?rest_route=\/wp\/v2\/pages\/1921\/revisions"}],"predecessor-version":[{"id":7219,"href":"https:\/\/vrtecacc13.splet.arnes.si\/index.php?rest_route=\/wp\/v2\/pages\/1921\/revisions\/7219"}],"wp:attachment":[{"href":"https:\/\/vrtecacc13.splet.arnes.si\/index.php?rest_route=%2Fwp%2Fv2%2Fmedia&parent=1921"}],"curies":[{"name":"wp","href":"https:\/\/api.w.org\/{rel}","templated":true}]}}