{"id":233,"date":"2015-09-01T18:01:53","date_gmt":"2015-09-01T16:01:53","guid":{"rendered":"http:\/\/vrtecacc.splet.arnes.si\/?page_id=233"},"modified":"2024-12-09T14:19:10","modified_gmt":"2024-12-09T13:19:10","slug":"katalog-ijz","status":"publish","type":"page","link":"https:\/\/vrtecacc13.splet.arnes.si\/?page_id=233","title":{"rendered":"Katalog IJZ"},"content":{"rendered":"<p><strong>Kazalo<\/strong><\/p>\n<ol>\n<li><a href=\"http:\/\/www.vrtec-ac.si\/o-nas\/katalog-ijz.html#01\">Osnovni podatki o katalogu<\/a><\/li>\n<li><a href=\"http:\/\/www.vrtec-ac.si\/o-nas\/katalog-ijz.html#02\">Splo\u0161ni podatki o organu in informacijah javnega zna\u010daja s katerimi razpolaga<\/a><\/li>\n<li><a href=\"http:\/\/www.vrtec-ac.si\/o-nas\/katalog-ijz.html#03\">Opis na\u010dina dostopa do drugih informacij javnega zna\u010daja<\/a><\/li>\n<li><a href=\"http:\/\/www.vrtec-ac.si\/o-nas\/katalog-ijz.html#04\">Seznam najpogosteje zahtevanih informacij javnega zna\u010daja<\/a><\/li>\n<\/ol>\n<p>&nbsp;<\/p>\n<table>\n<tbody>\n<tr>\n<td>\n<table style=\"height: 257px\">\n<tbody>\n<tr style=\"height: 23px\">\n<td style=\"height: 23px;width: 545.2px\" colspan=\"2\"><strong>Osnovni podatki o katalogu<\/strong><\/td>\n<\/tr>\n<tr style=\"height: 71px\">\n<td style=\"height: 71px;width: 190px\">Naziv organa:<\/td>\n<td style=\"height: 71px;width: 350px\"><strong>Vrtec Anice \u010cernejeve Celje<br \/>\nKajuhova ulica 5<br \/>\n3000 CELJE<\/strong><\/td>\n<\/tr>\n<tr style=\"height: 23px\">\n<td style=\"height: 23px;width: 190px\">Odgovorna uradna oseba:<\/td>\n<td style=\"height: 23px;width: 350px\"><strong>Mojca Meke<\/strong><\/td>\n<\/tr>\n<tr style=\"height: 23px\">\n<td style=\"height: 23px;width: 190px\">Datum prve objave kataloga:<\/td>\n<td style=\"height: 23px;width: 350px\">December 2004<\/td>\n<\/tr>\n<tr style=\"height: 23px\">\n<td style=\"height: 23px;width: 190px\">Datum zadnje spremembe:<\/td>\n<td style=\"height: 23px;width: 350px\">5.9.2024<\/td>\n<\/tr>\n<tr style=\"height: 47px\">\n<td style=\"height: 47px;width: 190px\">Katalog je dostopen na spletnem naslovu:<\/td>\n<td style=\"height: 47px;width: 350px\"><a href=\"http:\/\/www.vrtec-ac.si\/o-nas\/katalog-ijz.html\">http:\/\/www.vrtec-anice-cernejeve.si\/o-nas\/katalog-ijz.html<\/a><\/td>\n<\/tr>\n<tr style=\"height: 47px\">\n<td style=\"height: 47px;width: 190px\">Druge oblike kataloga<\/td>\n<td style=\"height: 47px;width: 350px\">Tiskana oblika kataloga je dostopna v Vrtcu Anice \u010cernejeve Celje.<\/td>\n<\/tr>\n<\/tbody>\n<\/table>\n<\/td>\n<\/tr>\n<\/tbody>\n<\/table>\n<p>&nbsp;<\/p>\n<table>\n<tbody>\n<tr>\n<td>\n<table>\n<tbody>\n<tr>\n<td colspan=\"2\"><strong>Splo\u0161ni podatki o organu in informacijah javnega zna\u010daja s katerimi razpolaga<\/strong><\/td>\n<\/tr>\n<tr>\n<td colspan=\"2\">2.a Organigram in podatki o organizaciji organa<\/td>\n<\/tr>\n<tr>\n<td width=\"190\">Kratek opis delovnega podro\u010dja organa:<\/td>\n<td width=\"350\">Delovno podro\u010dje: <strong>pred\u0161olska vzgoja<\/strong><\/p>\n<p>Vrtec Anice\u00a0\u010cernejeve je javni zavod, katerega temeljne naloge so vzgoja in u\u010denje pred\u0161olskih otrok ter pomo\u010d star\u0161em za izbolj\u0161anje kvalitete \u017eivljenja dru\u017ein. Izvaja javno veljavni program <a href=\"http:\/\/www.mss.gov.si\/fileadmin\/mss.gov.si\/pageuploads\/podrocje\/vrtci\/pdf\/vrtci_kur.pdf\">Kurikulum za vrtce<\/a> (1999).<\/td>\n<\/tr>\n<tr>\n<td width=\"190\">Seznam enot vrtca<\/td>\n<td width=\"350\"><a href=\"http:\/\/www.vrtec-ac.si\/o-nas\/predstavljamo-se\/enota-sonce.html\">enota Sonce<\/a>, Kajuhova ulica 5, Celje; organizacijski vodja enote: Branka \u0160mid \u0160anca<br \/>\n<a href=\"http:\/\/www.vrtec-ac.si\/o-nas\/predstavljamo-se\/enota-luna.html\">enota Luna<\/a>, Ljubljanska cesta 48, Celje; organizacijski vodja enote: Petra Jesenek<br \/>\n<a href=\"http:\/\/www.vrtec-ac.si\/o-nas\/predstavljamo-se\/enota-mavrica.html\">enota Mavrica<\/a>, \u010copova ulica 21, Celje; pomo\u010dnica ravnateljice in vodja enote ter oddelkov: Ksenija Pov\u0161e<br \/>\n<a href=\"http:\/\/www.vrtec-ac.si\/o-nas\/predstavljamo-se\/enota-bolninica.html\">enota Bolni\u0161nica<\/a>, Oblakova 5, Celje; organizacijski vodja enote: Ksenija Pov\u0161e<br \/>\n<a href=\"http:\/\/www.vrtec-ac.si\/o-nas\/predstavljamo-se\/enota-hribek.html\">enota Hrib\u010dek<\/a>, Hra\u0161ov\u010deva ulica 1, Celje; organizacijski vodja enote: Ksenija Pov\u0161e<\/td>\n<\/tr>\n<tr>\n<td width=\"190\"><a href=\"http:\/\/vrtecacc13.splet.arnes.si\/files\/2018\/10\/organigram.pdf\">Organigram organa<\/a><\/td>\n<td width=\"350\"><a href=\"http:\/\/vrtecacc13.splet.arnes.si\/files\/2018\/10\/organigram.pdf\">Organigram organa<\/a><\/td>\n<\/tr>\n<tr>\n<td width=\"190\">Ustanovitev<\/td>\n<td width=\"350\">Vrtec Anice\u00a0\u010cernejeve je bil ustanovljen 1. aprila\u00a01956 in vpisan v register zavodov pri Okro\u017enem gospodarskem sodi\u0161\u010du v Celju. Konstituiranje je vpisano 22.2.1974. Od leta 1956 je deloval pod razli\u010dnimi pravnimi oblikami \u2013vzgojnovarstvena ustanova (l. 1964),\u00a0vzgojnovarstvenaorganizacija (l. 1981),\u00a0vzgojnovarstveni zavod (l. 1992).Na podlagi uskladitve z Zakonom o organizaciji in financiranju vzgoje in izobra\u017eevanja in Zakonom o vrtcih je z dnem 18.11.1997 Mestna ob\u010dina Celje postala ustanoviteljica Vrtca Anice\u00a0\u010cernejeve.<\/td>\n<\/tr>\n<tr>\n<td colspan=\"2\">2.b Seznam drugih organov z delovnega podro\u010dja (le za ministrstva)<\/td>\n<\/tr>\n<tr>\n<td width=\"190\">Seznam vseh drugih organov s podro\u010dja dela<\/td>\n<td width=\"350\">\/<\/td>\n<\/tr>\n<tr>\n<td colspan=\"2\">2.c Kontaktni podatki uradne osebe (oseb), pristojnih za posredovanje informacij<\/td>\n<\/tr>\n<tr>\n<td width=\"190\">Kontaktna uradna oseba<\/td>\n<td width=\"350\">Mojca Meke, ravnateljica<br \/>\nKajuhova ulica 5<br \/>\n3000 Celje<br \/>\n(03) 42 86 450<br \/>\n(03) 42 86 459<br \/>\ne-po\u0161ta: <a href=\"mailto:mojca.meke@guest.arnes.si\">mojca.meke@guest.arnes.si<\/a><\/td>\n<\/tr>\n<tr>\n<td colspan=\"2\">2.d Seznam zakonov, podzakonskih aktov in predpisov Evropskih skupnosti z delovnega podro\u010dja organa (preko dr\u017eavnega, lokalnega oziroma evropskega registra predpisov)<\/td>\n<\/tr>\n<tr>\n<td width=\"190\">Dr\u017eavni predpisi<\/td>\n<td width=\"350\">&#8211;\u00a0<a href=\"http:\/\/zakonodaja.gov.si\/rpsi\/kazala_podrocje\/kazalo_1_2_4_0.html\">Predpisi z delovnega podro\u010dja<\/a><br \/>\n&#8211;\u00a0<a href=\"http:\/\/zakonodaja.gov.si\/\">Register predpisov Slovenije<\/a><a href=\"http:\/\/www.mszs.si\/slo\/solstvo\/vrtci.asp\">&#8211; Ministrstvo za \u0161olstvo, znanost in \u0161port <\/a>Zakoni s podro\u010dja dela vrtca:<br \/>\n&#8211;\u00a0<a href=\"http:\/\/zakonodaja.gov.si\/rpsi\/r07\/predpis_ZAKO447.html\">Zakon o vrtcih<\/a><br \/>\n&#8211; <a href=\"http:\/\/www.mszs.si\/slo\/solstvo\/os\/pdf\/vrtci_kur.pdf\">Kurikulum za vrtce<\/a><br \/>\n&#8211;\u00a0<a href=\"http:\/\/zakonodaja.gov.si\/rpsi\/r06\/predpis_ZAKO3336.html\">Zakon o dostopu do informacij javnega zna\u010daja<\/a><br \/>\n&#8211;\u00a0<a href=\"http:\/\/zakonodaja.gov.si\/rpsi\/r07\/predpis_ZAKO1667.html\">Zakon o javnih naro\u010dilih<\/a><br \/>\n&#8211;\u00a0<a href=\"http:\/\/zakonodaja.gov.si\/rpsi\/r00\/predpis_ZAKO1420.html\">Zakon o delovnih razmerjih<\/a><\/td>\n<\/tr>\n<tr>\n<td width=\"190\">Predpisi lokalnih skupnosti<\/td>\n<td width=\"350\">\/<\/td>\n<\/tr>\n<tr>\n<td width=\"190\">Predpisi EU<\/td>\n<td width=\"350\">\/<\/td>\n<\/tr>\n<tr>\n<td colspan=\"2\">2.e Seznam predlogov predpisov (preko dr\u017eavnega oziroma lokalnega registra predpisov)<\/td>\n<\/tr>\n<tr>\n<td width=\"190\">Predlogi predpisov<\/td>\n<td width=\"350\">&#8211;\u00a0<a href=\"http:\/\/www.dz-rs.si\/si\/aktualno\/spremljanje_zakonodaje\/predlogi_zakonov\/predlogi_zakonov.html\">Register predpisov Slovenije (predlogi)<\/a><\/td>\n<\/tr>\n<tr>\n<td colspan=\"2\">2.f Seznam strate\u0161kih in programskih dokumentov po vsebinskih sklopih<\/td>\n<\/tr>\n<tr>\n<td width=\"190\">Seznam strate\u0161kih in programskih dokumentov<\/td>\n<td width=\"350\">&#8211;<a href=\"http:\/\/vrtecacc13.splet.arnes.si\/files\/2018\/04\/RN-2014-2019.pdf\"> Razvojni na\u010drt vrtca<\/a><br \/>\n&#8211; <a href=\"http:\/\/vrtecacc13.splet.arnes.si\/files\/2020\/01\/Ldn-19-20.pdf\">Letni delovni na\u010drti vrtca\u00a0<\/a><\/td>\n<\/tr>\n<tr>\n<td colspan=\"2\">2.g Seznam vrst upravnih, sodnih ali zakonodajnih postopkov<\/td>\n<\/tr>\n<tr>\n<td width=\"190\">Vrste postopkov, ki jih vodi organ<\/td>\n<td width=\"350\">&#8211;\u00a0sodni postopki zaradi izterjave dolga pri star\u0161ih<\/td>\n<\/tr>\n<tr>\n<td colspan=\"2\">2.h Seznam javnih evidenc, s katerimi organ upravlja<\/td>\n<\/tr>\n<tr>\n<td width=\"190\">Seznam evidenc<\/td>\n<td width=\"350\">\u00a0Zakon o vrtcih ZVrt-UPB1 (Ur. l. RS, \u0161t. 113\/2003)<\/p>\n<p>&#8211; evidenca vpisanih in vklju\u010denih otrok<br \/>\n&#8211; evidenca pla\u010dil star\u0161ev<br \/>\n&#8211; evidenca otrok, ki potrebujejo svetovanje oziroma pomo\u010d<\/p>\n<p>Javna informacija je samo skupno \u0161tevilo oseb v evidenci oziroma v skladu z zakonom, ki ureja varstvo osebnih podatkov<\/td>\n<\/tr>\n<tr>\n<td colspan=\"2\">2.i Seznam drugih informatiziranih zbirk podatkov<\/td>\n<\/tr>\n<tr>\n<td width=\"190\">Seznam zbirk<\/td>\n<td width=\"350\">&#8211; Publikacija Vrtca Anice\u00a0\u010cernejeve Celje<strong><br \/>\n&#8211; <\/strong>Zlo\u017eenka o vrtcu<\/td>\n<\/tr>\n<tr>\n<td colspan=\"2\">2.j Najpomembnej\u0161i vsebinski sklopi drugih informacij javnega zna\u010daja oziroma seznam posameznih dokumentov<\/td>\n<\/tr>\n<tr>\n<td width=\"190\">Sklopi informacij &#8211; sledijo raz\u010dlenjenemu opisu delovnega podro\u010dja organa<\/td>\n<td width=\"350\">\/<\/td>\n<\/tr>\n<\/tbody>\n<\/table>\n<\/td>\n<\/tr>\n<\/tbody>\n<\/table>\n<p>&nbsp;<\/p>\n<table>\n<tbody>\n<tr>\n<td>\n<table>\n<tbody>\n<tr>\n<td colspan=\"2\"><strong>Opis na\u010dina dostopa do drugih informacij javnega zna\u010daja<\/strong><\/td>\n<\/tr>\n<tr>\n<td width=\"190\">Opis dostopa do posameznih sklopov informacij:<\/td>\n<td width=\"350\"><strong>Dostop prek spleta<\/strong><br \/>\nKatalog je dostopen na spletnem naslovu<br \/>\n<a href=\"http:\/\/www.vrtec-ac.si\/o-nas\/katalog-ijz.html\">http:\/\/www.vrtec-anice-cernejeve.si\/o-nas\/katalog-ijz.html<\/a><br \/>\nDruge informacije s podro\u010dja dela Vrtca Anice\u00a0\u010cernejeveCelje so dostopne \u0161e na\u00a0spletni strani vrtca v rubrikah:<br \/>\n&#8211; <a href=\"http:\/\/www.vrtec-ac.si\/o-nas\/vizija-in-poslanstvo.html\">vizija in poslanstvo<\/a><br \/>\n&#8211;\u00a0<a href=\"http:\/\/www.vrtec-ac.si\/o-nas\/programi.html\">programi<\/a><br \/>\n&#8211;\u00a0<a href=\"http:\/\/www.vrtec-ac.si\/o-nas\/projekti.html\">projekti<\/a><br \/>\n&#8211;\u00a0<a href=\"http:\/\/www.vrtec-ac.si\/dodatne-dejavnosti.html\">dodatne dejavnosti<\/a><br \/>\n&#8211;\u00a0<a href=\"http:\/\/www.vrtec-ac.si\/vpis.html\">vpis otrok<\/a><br \/>\n&#8211;\u00a0<a href=\"http:\/\/www.vrtec-ac.si\/vpis\/prvi-v-vrtec.html\">prvi\u010d v vrtec<br \/>\n<\/a><strong>Osebni obisk <\/strong>vsak prvi ponedeljek v mesecu pri ravnateljici vrtca v Kajuhovi ulici 5, Celje, v \u010dasu od 8. do 15. ure, oz. po predhodni najavi.<strong><br \/>\n<\/strong><strong>Po telefonu<\/strong>: (03)42 86 450<br \/>\n<strong>Po e-po\u0161ti:<\/strong> <a href=\"mailto:&lt;script language='JavaScript' type='text\/javascript'&gt; &lt;!-- var prefix = 'mailto:'; var suffix = ''; var attribs = ''; var path = 'hr' + 'ef' + '='; var addy58141 = 'vrtec.anice-cernejeve' + '@'; addy58141 = addy58141 + 'guest' + '.' + 'arnes' + '.' + 'si'; document.write( '&lt;a ' + path + '\\'' + prefix + addy58141 + suffix + '\\'' + attribs + '&gt;' ); document.write( addy58141 ); document.write( '&lt;\\\/a&gt;' ); \/\/--&gt; &lt;\/script&gt;&lt;script language='JavaScript' type='text\/javascript'&gt; &lt;!-- document.write( '&lt;span style=\\'display: none;\\'&gt;' ); \/\/--&gt; &lt;\/script&gt;Ta e-po%C5%A1tni naslov je za%C5%A1%C4%8Diten proti smetenju. %C4%8Ce ga %C5%BEelite videti, omogo%C4%8Dite Javascript. &lt;script language='JavaScript' type='text\/javascript'&gt; &lt;!-- document.write( '&lt;\/' ); document.write( 'span&gt;' ); \/\/--&gt; &lt;\/script&gt;\">vrtec.anice-cernejeve@guest.arnes.si<\/a><\/td>\n<\/tr>\n<\/tbody>\n<\/table>\n<\/td>\n<\/tr>\n<\/tbody>\n<\/table>\n<p>&nbsp;<\/p>\n<table>\n<tbody>\n<tr>\n<td>\n<table>\n<tbody>\n<tr>\n<td colspan=\"2\"><strong>Seznam najpogosteje zahtevanih informacij javnega zna\u010daja<\/strong><\/td>\n<\/tr>\n<tr>\n<td width=\"190\">Seznam desetih najpogosteje zahtevanih informacij oziroma tematskih sklopov<\/td>\n<td width=\"350\">Na\u0161tete so nekatere najpogosteje zahtevane informacije po posameznih vsebinskih sklopih<br \/>\n&#8211; o vpisu otrok<br \/>\n&#8211;\u00a0o ekonomski ceni programa v vrtcu<br \/>\n&#8211; o programih v vrtcu (dnevni, poldnevni program\u2026)<br \/>\n&#8211; o\u00a0poslovalnem \u010dasu vrtca oziroma enot<br \/>\n&#8211;\u00a0o prireditvah in\u00a0obogatitveni dejavnosti v vrtcu<br \/>\n&#8211;\u00a0o nadstandardni dejavnosti vrtca<\/td>\n<\/tr>\n<\/tbody>\n<\/table>\n<p>Ravnateljica: Mojca Meke.<\/td>\n<\/tr>\n<\/tbody>\n<\/table>\n<p>&nbsp;<\/p>\n","protected":false},"excerpt":{"rendered":"<p>Kazalo Osnovni podatki o katalogu Splo\u0161ni podatki o organu in informacijah javnega zna\u010daja s katerimi razpolaga Opis na\u010dina dostopa do drugih informacij javnega zna\u010daja Seznam najpogosteje zahtevanih informacij javnega zna\u010daja &nbsp; Osnovni podatki o katalogu Naziv organa: Vrtec Anice \u010cernejeve Celje Kajuhova ulica 5 3000 CELJE Odgovorna uradna oseba: Mojca Meke Datum prve objave kataloga: [&hellip;]<\/p>\n","protected":false},"author":11798,"featured_media":0,"parent":213,"menu_order":0,"comment_status":"open","ping_status":"open","template":"","meta":{"_et_pb_use_builder":"","_et_pb_old_content":"","_et_gb_content_width":"","ngg_post_thumbnail":0,"footnotes":""},"class_list":["post-233","page","type-page","status-publish","hentry"],"_links":{"self":[{"href":"https:\/\/vrtecacc13.splet.arnes.si\/index.php?rest_route=\/wp\/v2\/pages\/233","targetHints":{"allow":["GET"]}}],"collection":[{"href":"https:\/\/vrtecacc13.splet.arnes.si\/index.php?rest_route=\/wp\/v2\/pages"}],"about":[{"href":"https:\/\/vrtecacc13.splet.arnes.si\/index.php?rest_route=\/wp\/v2\/types\/page"}],"author":[{"embeddable":true,"href":"https:\/\/vrtecacc13.splet.arnes.si\/index.php?rest_route=\/wp\/v2\/users\/11798"}],"replies":[{"embeddable":true,"href":"https:\/\/vrtecacc13.splet.arnes.si\/index.php?rest_route=%2Fwp%2Fv2%2Fcomments&post=233"}],"version-history":[{"count":15,"href":"https:\/\/vrtecacc13.splet.arnes.si\/index.php?rest_route=\/wp\/v2\/pages\/233\/revisions"}],"predecessor-version":[{"id":8396,"href":"https:\/\/vrtecacc13.splet.arnes.si\/index.php?rest_route=\/wp\/v2\/pages\/233\/revisions\/8396"}],"up":[{"embeddable":true,"href":"https:\/\/vrtecacc13.splet.arnes.si\/index.php?rest_route=\/wp\/v2\/pages\/213"}],"wp:attachment":[{"href":"https:\/\/vrtecacc13.splet.arnes.si\/index.php?rest_route=%2Fwp%2Fv2%2Fmedia&parent=233"}],"curies":[{"name":"wp","href":"https:\/\/api.w.org\/{rel}","templated":true}]}}