{"id":237,"date":"2015-09-01T18:02:31","date_gmt":"2015-09-01T16:02:31","guid":{"rendered":"http:\/\/vrtecacc.splet.arnes.si\/?page_id=237"},"modified":"2022-09-19T09:05:20","modified_gmt":"2022-09-19T07:05:20","slug":"ozhrp","status":"publish","type":"page","link":"https:\/\/vrtecacc13.splet.arnes.si\/?page_id=237","title":{"rendered":"OZHRP"},"content":{"rendered":"<p style=\"text-align: justify\">Naloge organizatorja zdravstveno higienskega re\u017eima in prehrane izvaja <strong>Ana Veber, uni.dipl.ing. \u017eivilske tehnologije<\/strong><\/p>\n<p style=\"text-align: justify\">Njeno delo obsega na\u010drtovanje prehrane za otroke v sodelovanju z vodjo kuhinje ob upo\u0161tevanju standardov in smernic zdravega prehranjevanja ter sezonskim \u017eivilom. &nbsp;Sodeluje s star\u0161i in vodjo kuhinje pri zagotavljanju dietne prehrane na podlagi zdravni\u0161kih potrdil.<br \/>\nIzvaja notranji nadzor nad izvanjem HACCAP sistema in svetuje glede ravnanja s hrano, prevozi in razdelitvijo hrane. Aktivno se vklju\u010duje v projekte s podro\u010dja zdravja in si skupaj z vodjo kuhinje prizadeva za vklju\u010devanje \u010dimve\u010d ekolo\u0161ko in lokalno pridelanih \u017eivil.<\/p>\n<p style=\"text-align: justify\">Na podro\u010dju zdravstveno higienskega podro\u010dja sodeluje in nadzoruje higienski re\u017eim tako zaposlenih kot \u010distilnega servisa, ki je na\u0161 pogodbeni izvajalec. Pripravlja ukrepe v primeru nalezljivih bolezni in drugih nevarnosti za zdravje otrok in zaposlenih. Nudi prvo pomo\u010d v primeru po\u0161kodb in organizira zobozdravstveno preventivo v oddelkih starej\u0161ih otrok.<\/p>\n<p style=\"text-align: justify\">Za la\u017eje sodelovanje in izvajanje dobre prakse pripravlja zlo\u017eenke za star\u0161e in sodeluje na sestankih za star\u0161e in strokovne delavce.<\/p>\n<p style=\"text-align: justify\">Sede\u017e ima v enoti Mavrica.&nbsp;Dosegljiva je na tel. \u0161t. 03 425 38 46<\/p>\n","protected":false},"excerpt":{"rendered":"<p>Naloge organizatorja zdravstveno higienskega re\u017eima in prehrane izvaja Ana Veber, uni.dipl.ing. \u017eivilske tehnologije Njeno delo obsega na\u010drtovanje prehrane za otroke v sodelovanju z vodjo kuhinje ob upo\u0161tevanju standardov in smernic zdravega prehranjevanja ter sezonskim \u017eivilom. &nbsp;Sodeluje s star\u0161i in vodjo kuhinje pri zagotavljanju dietne prehrane na podlagi zdravni\u0161kih potrdil. Izvaja notranji nadzor nad izvanjem HACCAP [&hellip;]<\/p>\n","protected":false},"author":11798,"featured_media":0,"parent":213,"menu_order":0,"comment_status":"open","ping_status":"open","template":"","meta":{"_et_pb_use_builder":"","_et_pb_old_content":"","_et_gb_content_width":"","ngg_post_thumbnail":0,"footnotes":""},"class_list":["post-237","page","type-page","status-publish","hentry"],"_links":{"self":[{"href":"https:\/\/vrtecacc13.splet.arnes.si\/index.php?rest_route=\/wp\/v2\/pages\/237","targetHints":{"allow":["GET"]}}],"collection":[{"href":"https:\/\/vrtecacc13.splet.arnes.si\/index.php?rest_route=\/wp\/v2\/pages"}],"about":[{"href":"https:\/\/vrtecacc13.splet.arnes.si\/index.php?rest_route=\/wp\/v2\/types\/page"}],"author":[{"embeddable":true,"href":"https:\/\/vrtecacc13.splet.arnes.si\/index.php?rest_route=\/wp\/v2\/users\/11798"}],"replies":[{"embeddable":true,"href":"https:\/\/vrtecacc13.splet.arnes.si\/index.php?rest_route=%2Fwp%2Fv2%2Fcomments&post=237"}],"version-history":[{"count":3,"href":"https:\/\/vrtecacc13.splet.arnes.si\/index.php?rest_route=\/wp\/v2\/pages\/237\/revisions"}],"predecessor-version":[{"id":7218,"href":"https:\/\/vrtecacc13.splet.arnes.si\/index.php?rest_route=\/wp\/v2\/pages\/237\/revisions\/7218"}],"up":[{"embeddable":true,"href":"https:\/\/vrtecacc13.splet.arnes.si\/index.php?rest_route=\/wp\/v2\/pages\/213"}],"wp:attachment":[{"href":"https:\/\/vrtecacc13.splet.arnes.si\/index.php?rest_route=%2Fwp%2Fv2%2Fmedia&parent=237"}],"curies":[{"name":"wp","href":"https:\/\/api.w.org\/{rel}","templated":true}]}}