{"id":254,"date":"2015-09-01T18:13:04","date_gmt":"2015-09-01T16:13:04","guid":{"rendered":"http:\/\/vrtecacc.splet.arnes.si\/?page_id=254"},"modified":"2015-09-01T18:13:04","modified_gmt":"2015-09-01T16:13:04","slug":"prvic-v-vrtec","status":"publish","type":"page","link":"https:\/\/vrtecacc13.splet.arnes.si\/?page_id=254","title":{"rendered":"Prvi\u010d v vrtec"},"content":{"rendered":"<table border=\"0\" width=\"100%\" cellspacing=\"0\" cellpadding=\"0\">\n<tbody>\n<tr>\n<td class=\"maincol\">\n<div class=\"inside\">\n<table class=\"contentpaneopen\">\n<tbody>\n<tr>\n<td valign=\"top\">Vstop v vrtec je za otroka velika sprememba, naj gre za mal\u010dka ali starej\u0161ega otroka.<br \/>\n\u010ce se poka\u017eejo te\u017eave, ki se lahko ka\u017eejo na razli\u010dne na\u010dine, se \u010dimprej dogovorite z vzgojiteljem za pogovor. Skupaj boste la\u017eje pomagali otroku pri premagovanju za\u010detnih te\u017eav. Zelo pomembno pa je va\u0161e zaupanje v na\u0161e strokovno delo.Otroci se na prvi stik z vrtcem razli\u010dno odzivajo.<br \/>\nZa\u010detne te\u017eave lahko star\u0161i omilite tako, da:<\/p>\n<ul>\n<li>\u017eivljenje v vrtcu presojate dobrohotno in realno,<\/li>\n<li>zaupate vzgojnemu osebju, ker va\u0161e zaupanje \u010duti tudi otrok,<\/li>\n<li>se \u010dim hitreje seznanite s pravili vrt\u010devskega \u017eivljenja, zato se s podrobnimi vpra\u0161anji obrnite najprej na vzgojno osebje oddelka, v katerem je va\u0161 otrok: pogovor re\u0161uje te\u017eave,<\/li>\n<li>\u017ee prve dni seznanite vzgojno osebje z otrokovimi posebnostmi in navadami, tudi z morebitnimi razvadami ali te\u017eavami,<\/li>\n<li>\u00a0izkoristite \u017ee prvi dan otrokovega bivanja v vrtcu kot za\u010detek njegovega uvajanja; otroka ne pustite v vrtcu prvi\u010d ve\u010d kot polovi\u010dni \u010das, \u0161e bolje manj; lahko ste nekaj \u010dasa z njim v oddelku oz. ga pu\u0161\u010date vedno dalj \u010dasa v oddelku,<\/li>\n<li>dovolite otroku odnesti s seboj v vrtec igra\u010do, ki ga bo spominjala na dom,<\/li>\n<li>ne obljubljajte otroku, \u010desar ne morete izpolniti,<\/li>\n<li>otroka poslu\u0161ajte, sprejemajte njegova \u010dustva, tudi neprijetna, saj se bodo kmalu spremenila,<\/li>\n<li>ne pozabite, da se bodo vtisi spremenili, ko si bo otrok nabral prve dobre izku\u0161nje,<\/li>\n<li>pustite \u010dasu \u010das, poskusite biti strpni in potrpe\u017eljivi: z otrokom, vrtcem in tudi s seboj.<\/li>\n<\/ul>\n<p><strong>Za\u010detne te\u017eave bodo minile, otrok bo v vrtcu veliko pridobil!<\/strong><\/td>\n<\/tr>\n<\/tbody>\n<\/table>\n<\/div>\n<\/td>\n<\/tr>\n<\/tbody>\n<\/table>\n<p>&nbsp;<\/p>\n","protected":false},"excerpt":{"rendered":"<p>Vstop v vrtec je za otroka velika sprememba, naj gre za mal\u010dka ali starej\u0161ega otroka. \u010ce se poka\u017eejo te\u017eave, ki se lahko ka\u017eejo na razli\u010dne na\u010dine, se \u010dimprej dogovorite z vzgojiteljem za pogovor. Skupaj boste la\u017eje pomagali otroku pri premagovanju za\u010detnih te\u017eav. Zelo pomembno pa je va\u0161e zaupanje v na\u0161e strokovno delo.Otroci se na prvi [&hellip;]<\/p>\n","protected":false},"author":11798,"featured_media":0,"parent":0,"menu_order":0,"comment_status":"open","ping_status":"open","template":"","meta":{"_et_pb_use_builder":"","_et_pb_old_content":"","_et_gb_content_width":"","ngg_post_thumbnail":0,"footnotes":""},"class_list":["post-254","page","type-page","status-publish","hentry"],"_links":{"self":[{"href":"https:\/\/vrtecacc13.splet.arnes.si\/index.php?rest_route=\/wp\/v2\/pages\/254","targetHints":{"allow":["GET"]}}],"collection":[{"href":"https:\/\/vrtecacc13.splet.arnes.si\/index.php?rest_route=\/wp\/v2\/pages"}],"about":[{"href":"https:\/\/vrtecacc13.splet.arnes.si\/index.php?rest_route=\/wp\/v2\/types\/page"}],"author":[{"embeddable":true,"href":"https:\/\/vrtecacc13.splet.arnes.si\/index.php?rest_route=\/wp\/v2\/users\/11798"}],"replies":[{"embeddable":true,"href":"https:\/\/vrtecacc13.splet.arnes.si\/index.php?rest_route=%2Fwp%2Fv2%2Fcomments&post=254"}],"version-history":[{"count":0,"href":"https:\/\/vrtecacc13.splet.arnes.si\/index.php?rest_route=\/wp\/v2\/pages\/254\/revisions"}],"wp:attachment":[{"href":"https:\/\/vrtecacc13.splet.arnes.si\/index.php?rest_route=%2Fwp%2Fv2%2Fmedia&parent=254"}],"curies":[{"name":"wp","href":"https:\/\/api.w.org\/{rel}","templated":true}]}}