{"id":257,"date":"2025-08-12T12:25:16","date_gmt":"2025-08-12T10:25:16","guid":{"rendered":"http:\/\/vrtecacc.splet.arnes.si\/?page_id=257"},"modified":"2025-10-01T10:53:35","modified_gmt":"2025-10-01T08:53:35","slug":"cene-programov","status":"publish","type":"page","link":"https:\/\/vrtecacc13.splet.arnes.si\/?page_id=257","title":{"rendered":"Cene programov"},"content":{"rendered":"<p><strong>Izvle\u010dek sklepa o dolo\u010ditvi cen programov javnih vrtcev na obmo\u010dju MO Celje<\/strong><\/p>\n<p>Mestni svet MO Celje je na svoji redni seji, dne 21. 5. 2025, sprejel Sklep o spremembah in dopolnitvah Sklepa o dolo\u010ditvi cen programov javnih vrtcev MO Celje (Uradni list RS, \u0161t. 41\/25).<\/p>\n<p><strong>Cene dnevnih 6 do 9-urnih programov s tremi obroki prehrane mese\u010dno na otroka od 1. 10. 2025:<\/strong><\/p>\n<p>Prvo starostno obdobje (od 1-3 let)&nbsp; &nbsp; &nbsp; &nbsp; &nbsp; &nbsp; &nbsp; &nbsp; &nbsp; &nbsp; &nbsp; &nbsp; &nbsp; &nbsp; &nbsp; &nbsp; &nbsp; 717,79 \u20ac<\/p>\n<p>Drugo starostno obdobje (od 4 let do vstopa v \u0161olo)&nbsp; &nbsp; &nbsp; &nbsp;504,87 \u20ac<\/p>\n<p>Kombinirani oddelki in oddelki od 3-4 let&nbsp; &nbsp; &nbsp; &nbsp; &nbsp; &nbsp; &nbsp; &nbsp; &nbsp; &nbsp; &nbsp; &nbsp; &nbsp; 558,44 \u20ac<\/p>\n<p>Razvojni oddelek&nbsp; &nbsp; &nbsp; &nbsp; &nbsp; &nbsp; &nbsp; &nbsp; &nbsp; &nbsp; &nbsp; &nbsp; &nbsp; &nbsp; &nbsp; &nbsp; &nbsp; &nbsp; &nbsp; &nbsp; &nbsp; &nbsp; &nbsp; &nbsp; &nbsp; &nbsp; &nbsp; &nbsp; &nbsp; &nbsp; &nbsp; 1.443,76 \u20ac<\/p>\n<p><strong>Star\u0161em otrok, za katere je MO Celje po veljavnih predpisih dol\u017ena kriti del cene programa, se zgoraj navedene cene dodatno zni\u017eajo:<\/strong><\/p>\n<p>za oddelke prvega starostnega obdobja za 8 %<br \/>\nza oddelke drugega starostnega obdobja za 3 %<br \/>\nza starostno kombinirane oddelke za 3 %.<\/p>\n<p>Sklep o spremembah Sklepa o dolo\u010ditvi cen programov javnih vrtcev Mestne ob\u010dine Celje<\/p>\n<p><a href=\"https:\/\/vrtecacc13.splet.arnes.si\/files\/2025\/08\/Sklep-o-dolocitvi-cen-programov-in-pocitniske-rezervacije-MOC.pdf\">Sklep o dolo\u010ditvi cen programov in po\u010ditni\u0161ke rezervacije MOC<\/a><\/p>\n<p><strong>Prehrana<\/strong><br \/>\nV celodnevnih in poldnevnih programih zna\u0161a mese\u010dni stro\u0161ek \u017eivil za otroka 59,62 EUR. Za \u010das, ko je otrok odsoten, se cena programa zni\u017ea za stro\u0161ke neporabljenih \u017eivil za vsak, <em>do 8. ure javljeni dan<\/em> odsotnosti. <a href=\"https:\/\/vrtecacc13.splet.arnes.si\/files\/2025\/08\/Mesecni-strosek-zivil-za-otroke.pdf\">Mese\u010dni stro\u0161ek \u017eivil za otroke<\/a><\/p>\n<p><strong>Bolni\u0161ka odsotnost<\/strong><br \/>\nV primeru odsotnosti otroka iz vrtca zaradi bolezni neprekinjeno najmanj 30 koledarskih dni, vendar ne ve\u010d kot 40 koledarskih dni, so star\u0161i ob predlo\u017eitvi ustreznega zdravni\u0161kega potrdila vrtcu, v celoti opro\u0161\u010deni pla\u010dila. V primeru, da zdravstveni razlogi, zaradi katerih otrok ni zmo\u017een obiskovati vrtca, trajajo dlje, dodatno oprostitev pla\u010dila nad 40 in najve\u010d 90 dni, star\u0161i uveljavijo s pisno vlogo, ki jo oddajo na pristojni oddelek MO Celje. Dodatna oprostitev pla\u010dila velja tudi za drugega otroka v delu, katerega sofinancira star\u0161.<\/p>\n<p>To dolo\u010dilo velja samo za star\u0161e otrok, za katere je MO Celje po veljavnih predpisih dol\u017ena kriti del cene programa.<\/p>\n<p><strong>Po\u010ditni\u0161ka rezervacija<\/strong><br \/>\nStar\u0161i otrok lahko uveljavijo rezervacijo zaradi po\u010ditni\u0161ke odsotnosti otroka enkrat letno v \u010dasu od 1. junija do 30. septembra. Rezervacijo lahko star\u0161i uveljavijo za neprekinjeno odsotnost otroka najmanj en in najve\u010d dva meseca. Za rezervacijo star\u0161i pla\u010dajo 50 % njim dolo\u010denega zneska pla\u010dila, zmanj\u0161anega za ustrezni dele\u017e \u017eivil. <em>Star\u0161i o odsotnosti pisno obvestijo vrtec 15 dni pred nastopom odsotnosti. <\/em>Obrazec za rezervacijo po\u010ditni\u0161ke odsotnosti lahko star\u0161i dobijo pri vzgojiteljici svojega otroka ali na upravi vrtca.<\/p>\n<p>To dolo\u010dilo velja samo za star\u0161e otrok, za katere je <strong>MO Celje po veljavnih predpisih dol\u017ena kriti del cene programa,<\/strong> za druge star\u0161e pa samo v soglasju z ob\u010dino, pla\u010dnico razlike med ceno programa in pla\u010dilom star\u0161ev. Star\u0161i katerih otroci imajo stalno bivali\u0161\u010de v drugih ob\u010dinah, so se sami dol\u017eni pozanimati o ugodnostih poletne rezervacijo njihove ob\u010dine.&nbsp;<\/p>\n<p><strong>OPOZORILO<\/strong><br \/>\nDodatno zni\u017eanje cen programov, uveljavljanje rezervacije zaradi po\u010ditni\u0161ke odsotnosti otroka in med mese\u010dni izpisi veljajo, \u010de je v vrtec vklju\u010den samo en otrok iz dru\u017eine. \u010ce sta v vrtec hkrati vklju\u010dena dva ali ve\u010d otrok iz iste dru\u017eine, pa navedena dodatna zni\u017eanja in ugodnosti veljajo samo za (naj)starej\u0161ega otroka, vklju\u010denega v vrtec.<br \/>\nV primeru, da se za otroke pla\u010dilo vrtca sofinancira iz dr\u017eavnega prora\u010duna, se dodatna zni\u017eanja in ugodnosti ne upo\u0161tevajo.<\/p>\n<p><strong>Veljavnost<\/strong><br \/>\n<strong>Vsa navedena dolo\u010dila se za\u010dno uporabljati od 1. 10. 2025.<\/strong><\/p>\n<h4><strong>Cena podalj\u0161anega bivanja v vrtcu&nbsp;&nbsp;<\/strong><\/h4>\n<ul>\n<li>V primeru neopravi\u010dene zamude po otroka, po poslovnem \u010dasu vrtca, se star\u0161em zara\u010duna dodatno pla\u010dilo v vrednosti <strong>10,40 EUR<\/strong>&nbsp;za vsako za\u010deto uro zamude.<\/li>\n<li>Star\u0161i, ki imajo slu\u017ebene obveznosti v kraju, ki je prometno bolj oddaljen, lahko z ustreznimi dokazili (potrdilo o zaposlitvi \u2026) pisno zaprosijo za podalj\u0161ano bivanje otroka v vrtcu (ve\u010d kot 9 ur znotraj poslovalnega \u010dasa vrtca). \u010ce star\u0161i prinesejo pisno vlogo z dokazili, so opravi\u010deni dodatnega pla\u010dila, sicer pa se dalj\u0161e bivanje v vrtcu (ve\u010d kot 9 ur) med poslovalnim \u010dasom enote, brez soglasja ravnatelja, dodatno zara\u010duna.<\/li>\n<\/ul>\n<p><strong style=\"color: #333333\">Velja od 1. 10. 2025.<\/strong><\/p>\n","protected":false},"excerpt":{"rendered":"<p>Izvle\u010dek sklepa o dolo\u010ditvi cen programov javnih vrtcev na obmo\u010dju MO Celje Mestni svet MO Celje je na svoji redni seji, dne 21. 5. 2025, sprejel Sklep o spremembah in dopolnitvah Sklepa o dolo\u010ditvi cen programov javnih vrtcev MO Celje (Uradni list RS, \u0161t. 41\/25). Cene dnevnih 6 do 9-urnih programov s tremi obroki prehrane [&hellip;]<\/p>\n","protected":false},"author":11798,"featured_media":0,"parent":404,"menu_order":0,"comment_status":"open","ping_status":"open","template":"","meta":{"_et_pb_use_builder":"","_et_pb_old_content":"","_et_gb_content_width":"","ngg_post_thumbnail":0,"footnotes":""},"class_list":["post-257","page","type-page","status-publish","hentry"],"_links":{"self":[{"href":"https:\/\/vrtecacc13.splet.arnes.si\/index.php?rest_route=\/wp\/v2\/pages\/257","targetHints":{"allow":["GET"]}}],"collection":[{"href":"https:\/\/vrtecacc13.splet.arnes.si\/index.php?rest_route=\/wp\/v2\/pages"}],"about":[{"href":"https:\/\/vrtecacc13.splet.arnes.si\/index.php?rest_route=\/wp\/v2\/types\/page"}],"author":[{"embeddable":true,"href":"https:\/\/vrtecacc13.splet.arnes.si\/index.php?rest_route=\/wp\/v2\/users\/11798"}],"replies":[{"embeddable":true,"href":"https:\/\/vrtecacc13.splet.arnes.si\/index.php?rest_route=%2Fwp%2Fv2%2Fcomments&post=257"}],"version-history":[{"count":15,"href":"https:\/\/vrtecacc13.splet.arnes.si\/index.php?rest_route=\/wp\/v2\/pages\/257\/revisions"}],"predecessor-version":[{"id":8646,"href":"https:\/\/vrtecacc13.splet.arnes.si\/index.php?rest_route=\/wp\/v2\/pages\/257\/revisions\/8646"}],"up":[{"embeddable":true,"href":"https:\/\/vrtecacc13.splet.arnes.si\/index.php?rest_route=\/wp\/v2\/pages\/404"}],"wp:attachment":[{"href":"https:\/\/vrtecacc13.splet.arnes.si\/index.php?rest_route=%2Fwp%2Fv2%2Fmedia&parent=257"}],"curies":[{"name":"wp","href":"https:\/\/api.w.org\/{rel}","templated":true}]}}