{"id":263,"date":"2015-09-01T18:13:39","date_gmt":"2015-09-01T16:13:39","guid":{"rendered":"http:\/\/vrtecacc.splet.arnes.si\/?page_id=263"},"modified":"2025-10-01T09:54:11","modified_gmt":"2025-10-01T07:54:11","slug":"centralni-cakalni-seznam","status":"publish","type":"page","link":"https:\/\/vrtecacc13.splet.arnes.si\/?page_id=263","title":{"rendered":"Centralni \u010dakalni seznam"},"content":{"rendered":"<p>Spo\u0161tovani!<\/p>\n<p>&nbsp;<\/p>\n<p>Za dodatne informacije glede vpisa in centralnega \u010dakalnega seznama lahko pokli\u010dete svetovalno delavko ga. Sanjo Slapar na tel. \u0161t. 03 428 64 70.<\/p>\n","protected":false},"excerpt":{"rendered":"<p>Spo\u0161tovani! &nbsp; Za dodatne informacije glede vpisa in centralnega \u010dakalnega seznama lahko pokli\u010dete svetovalno delavko ga. Sanjo Slapar na tel. \u0161t. 03 428 64 70.<\/p>\n","protected":false},"author":11798,"featured_media":0,"parent":0,"menu_order":0,"comment_status":"open","ping_status":"open","template":"","meta":{"_et_pb_use_builder":"","_et_pb_old_content":"","_et_gb_content_width":"","ngg_post_thumbnail":0,"footnotes":""},"class_list":["post-263","page","type-page","status-publish","hentry"],"_links":{"self":[{"href":"https:\/\/vrtecacc13.splet.arnes.si\/index.php?rest_route=\/wp\/v2\/pages\/263","targetHints":{"allow":["GET"]}}],"collection":[{"href":"https:\/\/vrtecacc13.splet.arnes.si\/index.php?rest_route=\/wp\/v2\/pages"}],"about":[{"href":"https:\/\/vrtecacc13.splet.arnes.si\/index.php?rest_route=\/wp\/v2\/types\/page"}],"author":[{"embeddable":true,"href":"https:\/\/vrtecacc13.splet.arnes.si\/index.php?rest_route=\/wp\/v2\/users\/11798"}],"replies":[{"embeddable":true,"href":"https:\/\/vrtecacc13.splet.arnes.si\/index.php?rest_route=%2Fwp%2Fv2%2Fcomments&post=263"}],"version-history":[{"count":15,"href":"https:\/\/vrtecacc13.splet.arnes.si\/index.php?rest_route=\/wp\/v2\/pages\/263\/revisions"}],"predecessor-version":[{"id":8645,"href":"https:\/\/vrtecacc13.splet.arnes.si\/index.php?rest_route=\/wp\/v2\/pages\/263\/revisions\/8645"}],"wp:attachment":[{"href":"https:\/\/vrtecacc13.splet.arnes.si\/index.php?rest_route=%2Fwp%2Fv2%2Fmedia&parent=263"}],"curies":[{"name":"wp","href":"https:\/\/api.w.org\/{rel}","templated":true}]}}