{"id":269,"date":"2015-09-01T18:18:18","date_gmt":"2015-09-01T16:18:18","guid":{"rendered":"http:\/\/vrtecacc.splet.arnes.si\/?page_id=269"},"modified":"2015-09-01T18:18:18","modified_gmt":"2015-09-01T16:18:18","slug":"vizija-in-poslanstvo","status":"publish","type":"page","link":"https:\/\/vrtecacc13.splet.arnes.si\/?page_id=269","title":{"rendered":"Vizija in poslanstvo"},"content":{"rendered":"<p><a href=\"http:\/\/vrtecacc.splet.arnes.si\/files\/2015\/09\/vrtec-logo.png\"><img loading=\"lazy\" decoding=\"async\" class=\" size-medium wp-image-533 alignleft\" src=\"http:\/\/vrtecacc.splet.arnes.si\/files\/2015\/09\/vrtec-logo-162x300.png\" alt=\"vrtec logo\" width=\"162\" height=\"300\" \/><\/a><\/p>\n<p>&nbsp;<\/p>\n<p><strong>VIZIJA<\/strong><\/p>\n<p><strong>VERJAMEMO, DA LAHKO S SVOJO<\/strong><br \/>\n<strong>STROKOVNOSTJO IN USTVARJALNOSTJO<\/strong><br \/>\n<strong>NUDIMO OTROKOM,<\/strong><br \/>\n<strong>STAR\u0160EM IN ZAPOSLENIM<\/strong><br \/>\n<strong>PRIJAZEN IN VAREN VRTEC,<\/strong><br \/>\n<strong>V KATEREM BODO ODRA\u0160\u010cALI SRE\u010cNI<\/strong><br \/>\n<strong>IN ZDRAVI OTROCI<\/strong><\/p>\n<p><strong><i>Na\u0161e poslanstvo je vzgoja in u\u010denje pred\u0161olskih otrok in partnerstvo s star\u0161i.<\/i><\/strong><\/p>\n<p>&nbsp;<\/p>\n","protected":false},"excerpt":{"rendered":"<p>&nbsp; VIZIJA VERJAMEMO, DA LAHKO S SVOJO STROKOVNOSTJO IN USTVARJALNOSTJO NUDIMO OTROKOM, STAR\u0160EM IN ZAPOSLENIM PRIJAZEN IN VAREN VRTEC, V KATEREM BODO ODRA\u0160\u010cALI SRE\u010cNI IN ZDRAVI OTROCI Na\u0161e poslanstvo je vzgoja in u\u010denje pred\u0161olskih otrok in partnerstvo s star\u0161i. &nbsp;<\/p>\n","protected":false},"author":11798,"featured_media":0,"parent":0,"menu_order":0,"comment_status":"open","ping_status":"open","template":"","meta":{"_et_pb_use_builder":"on","_et_pb_old_content":"<a href=\"http:\/\/vrtecacc.splet.arnes.si\/files\/2015\/09\/vrtec-logo.png\"><img class=\" size-medium wp-image-533 alignleft\" src=\"http:\/\/vrtecacc.splet.arnes.si\/files\/2015\/09\/vrtec-logo-162x300.png\" alt=\"vrtec logo\" width=\"162\" height=\"300\" \/><\/a>\n\n&nbsp;\n\n<strong>VIZIJA<\/strong>\n\n<strong>VERJAMEMO, DA LAHKO S SVOJO<\/strong>\n<strong>STROKOVNOSTJO IN USTVARJALNOSTJO<\/strong>\n<strong>NUDIMO OTROKOM,<\/strong>\n<strong>STAR\u0160EM IN ZAPOSLENIM<\/strong>\n<strong>PRIJAZEN IN VAREN VRTEC,<\/strong>\n<strong>V KATEREM BODO ODRA\u0160\u010cALI SRE\u010cNI<\/strong>\n<strong>IN ZDRAVI OTROCI<\/strong>\n\n<strong><i>Na\u0161e poslanstvo je vzgoja in u\u010denje pred\u0161olskih otrok in partnerstvo s star\u0161i.<\/i><\/strong>\n\n&nbsp;","_et_gb_content_width":"","ngg_post_thumbnail":0,"footnotes":""},"class_list":["post-269","page","type-page","status-publish","hentry"],"_links":{"self":[{"href":"https:\/\/vrtecacc13.splet.arnes.si\/index.php?rest_route=\/wp\/v2\/pages\/269","targetHints":{"allow":["GET"]}}],"collection":[{"href":"https:\/\/vrtecacc13.splet.arnes.si\/index.php?rest_route=\/wp\/v2\/pages"}],"about":[{"href":"https:\/\/vrtecacc13.splet.arnes.si\/index.php?rest_route=\/wp\/v2\/types\/page"}],"author":[{"embeddable":true,"href":"https:\/\/vrtecacc13.splet.arnes.si\/index.php?rest_route=\/wp\/v2\/users\/11798"}],"replies":[{"embeddable":true,"href":"https:\/\/vrtecacc13.splet.arnes.si\/index.php?rest_route=%2Fwp%2Fv2%2Fcomments&post=269"}],"version-history":[{"count":0,"href":"https:\/\/vrtecacc13.splet.arnes.si\/index.php?rest_route=\/wp\/v2\/pages\/269\/revisions"}],"wp:attachment":[{"href":"https:\/\/vrtecacc13.splet.arnes.si\/index.php?rest_route=%2Fwp%2Fv2%2Fmedia&parent=269"}],"curies":[{"name":"wp","href":"https:\/\/api.w.org\/{rel}","templated":true}]}}