{"id":278,"date":"2015-09-01T18:25:35","date_gmt":"2015-09-01T16:25:35","guid":{"rendered":"http:\/\/vrtecacc.splet.arnes.si\/?page_id=278"},"modified":"2025-09-18T11:35:18","modified_gmt":"2025-09-18T09:35:18","slug":"enota-bolnisnica","status":"publish","type":"page","link":"https:\/\/vrtecacc13.splet.arnes.si\/?page_id=278","title":{"rendered":"Enota Bolni\u0161nica"},"content":{"rendered":"<p>[et_pb_section fb_built=&#8221;1&#8243; admin_label=&#8221;section&#8221; _builder_version=&#8221;4.16&#8243; collapsed=&#8221;on&#8221; global_colors_info=&#8221;{}&#8221;][et_pb_row admin_label=&#8221;row&#8221; _builder_version=&#8221;4.16&#8243; background_size=&#8221;initial&#8221; background_position=&#8221;top_left&#8221; background_repeat=&#8221;repeat&#8221; global_colors_info=&#8221;{}&#8221;][et_pb_column type=&#8221;4_4&#8243; _builder_version=&#8221;4.16&#8243; custom_padding=&#8221;|||&#8221; global_colors_info=&#8221;{}&#8221; custom_padding__hover=&#8221;|||&#8221;][et_pb_text admin_label=&#8221;Text&#8221; _builder_version=&#8221;4.16&#8243; background_size=&#8221;initial&#8221; background_position=&#8221;top_left&#8221; background_repeat=&#8221;repeat&#8221; use_border_color=&#8221;off&#8221; border_color=&#8221;#ffffff&#8221; border_style=&#8221;solid&#8221; global_colors_info=&#8221;{}&#8221;]<\/p>\n<h2 style=\"text-align: left\"><strong><span style=\"font-family: inherit\">7<a href=\"http:\/\/vrtecacc.splet.arnes.si\/files\/2009\/09\/bolnica.gif\"><img loading=\"lazy\" decoding=\"async\" class=\"alignnone size-full wp-image-17\" src=\"http:\/\/vrtecacc.splet.arnes.si\/files\/2009\/09\/bolnica.gif\" alt=\"bolnica\" width=\"100\" height=\"142\" \/><\/a><\/span><\/strong><\/h2>\n<h4 style=\"text-align: left\"><strong><span style=\"font-family: inherit\">Oblakova ulica 5, Celje<\/span><\/strong><\/h4>\n<p>Na\u0161i strokovni delavki opravljajta pedago\u0161ko delo tudi v Splo\u0161ni bolni\u0161nice Celje. S pestrimi dejavnostmi posku\u0161ata polep\u0161ati dneve bolnim otrokom.<\/p>\n<p align=\"left\">S svojim strokovnim delom pokrivamo pediatri\u010dni oddelek in otorinolaringolo\u0161ki oddelek, kjer so hospitalizirani otroci. Delo vzgojiteljic poteka v igralnicah z mobilnimi otroki in v sobah s tistimi otroki, ki morajo zaradi procesa zdravljenja biti v posteljah. S pestrimi dejavnostmi posku\u0161amo enim in drugim olaj\u0161ati in polep\u0161ati \u010das bivanja v bolni\u0161nici. Delovni \u010das vzgojiteljic je od 7.00 oz. 7.30 do 13.30 oz. 14.00 ure.<\/p>\n<p align=\"left\">Medicinsko osebje skrbi za okrevanje otroka, strokovni delavci vrtca pa mu, v sodelovanju z vami, pomagamo pri premagovanju \u010dustvenih te\u017eav.<\/p>\n<p align=\"left\">Delo vzgojiteljic v bolni\u0161nici: &#8211; individualno delo po sobah &#8211; skupinsko delo v sobah ali igralnici &#8211; skupinske dejavnosti v igralnici &#8211; razli\u010dne prilo\u017enostne prireditve (ob tednu otroka, razli\u010dnih praznikih,&#8230;)<\/p>\n<p>[\/et_pb_text][\/et_pb_column][\/et_pb_row][\/et_pb_section]<\/p>\n","protected":false},"excerpt":{"rendered":"<p>Oddelek ORL: Vanja Kra\u0161ovic<br \/>\nPediatri\u010dni oddelek: Darija Jankovi\u010d<\/p>\n","protected":false},"author":11798,"featured_media":0,"parent":0,"menu_order":0,"comment_status":"open","ping_status":"open","template":"","meta":{"_et_pb_use_builder":"on","_et_pb_old_content":"","_et_gb_content_width":"","ngg_post_thumbnail":0,"footnotes":""},"class_list":["post-278","page","type-page","status-publish","hentry"],"_links":{"self":[{"href":"https:\/\/vrtecacc13.splet.arnes.si\/index.php?rest_route=\/wp\/v2\/pages\/278","targetHints":{"allow":["GET"]}}],"collection":[{"href":"https:\/\/vrtecacc13.splet.arnes.si\/index.php?rest_route=\/wp\/v2\/pages"}],"about":[{"href":"https:\/\/vrtecacc13.splet.arnes.si\/index.php?rest_route=\/wp\/v2\/types\/page"}],"author":[{"embeddable":true,"href":"https:\/\/vrtecacc13.splet.arnes.si\/index.php?rest_route=\/wp\/v2\/users\/11798"}],"replies":[{"embeddable":true,"href":"https:\/\/vrtecacc13.splet.arnes.si\/index.php?rest_route=%2Fwp%2Fv2%2Fcomments&post=278"}],"version-history":[{"count":7,"href":"https:\/\/vrtecacc13.splet.arnes.si\/index.php?rest_route=\/wp\/v2\/pages\/278\/revisions"}],"predecessor-version":[{"id":8636,"href":"https:\/\/vrtecacc13.splet.arnes.si\/index.php?rest_route=\/wp\/v2\/pages\/278\/revisions\/8636"}],"wp:attachment":[{"href":"https:\/\/vrtecacc13.splet.arnes.si\/index.php?rest_route=%2Fwp%2Fv2%2Fmedia&parent=278"}],"curies":[{"name":"wp","href":"https:\/\/api.w.org\/{rel}","templated":true}]}}