{"id":281,"date":"2015-09-01T18:25:50","date_gmt":"2015-09-01T16:25:50","guid":{"rendered":"http:\/\/vrtecacc.splet.arnes.si\/?page_id=281"},"modified":"2025-09-18T11:28:15","modified_gmt":"2025-09-18T09:28:15","slug":"enota-sonce","status":"publish","type":"page","link":"https:\/\/vrtecacc13.splet.arnes.si\/?page_id=281","title":{"rendered":"Enota Sonce"},"content":{"rendered":"<p><strong>Kajuhova ulica 5, Celje<\/strong><br \/>\n<strong>tel. 428 64 50<\/strong><br \/>\n<strong><em>Delovni \u010das: 06:30 do 16:00<br \/>\n<\/em>Organizacijska vodja: Branka \u0160mid \u0160anca, dipl. vzg.&nbsp;<\/strong><\/p>\n<p align=\"justify\">Svetle igralnice se nahajajo v stari rumeni vili, ki jo obkro\u017ea velik ograjen park z igri\u0161\u010dem. V vrtcu so prostori za otroke prvega in drugega starostnega obdobja. Enota ima zanimive igralne ladje v garderobah in v kleti majhno telovadnico.<br \/>\nV enoti se nahaja tudi uprava vrtca.<\/p>\n<table style=\"height: 161px;width: 393px\">\n<tbody>\n<tr style=\"height: 23px\">\n<td style=\"height: 23px;width: 57.375px\"><strong>oddelek<\/strong><\/td>\n<td style=\"height: 23px;width: 149.328px\"><strong>vzgojiteljica<\/strong><\/td>\n<td style=\"height: 23px;width: 164.297px\"><strong>Pomo\u010dnica vzgojiteljice<\/strong><\/td>\n<\/tr>\n<tr style=\"height: 23px\">\n<td style=\"height: 23px;width: 57.375px\">1 \u2013 2<\/td>\n<td style=\"height: 23px;width: 149.328px\">Katja Kunst<\/td>\n<td style=\"height: 23px;width: 164.297px\">Blanka Goli\u010dnik<\/td>\n<\/tr>\n<tr style=\"height: 23px\">\n<td style=\"height: 23px;width: 57.375px\">2 &#8211; 3&nbsp;<\/td>\n<td style=\"height: 23px;width: 149.328px\">Branka \u0160mid \u0160anca<\/td>\n<td style=\"height: 23px;width: 164.297px\">Sa\u0161k Traten\u0161ek<\/td>\n<\/tr>\n<tr style=\"height: 23px\">\n<td style=\"height: 23px;width: 57.375px\">3 \u2013 4<\/td>\n<td style=\"height: 23px;width: 149.328px\">\n<div class=\"page\" title=\"Page 2\">\n<div class=\"section\">\n<div class=\"layoutArea\">\n<div class=\"column\">\n<p>Ines Leskov\u0161ek Ter\u0161ek<\/p>\n<\/div>\n<\/div>\n<\/div>\n<\/div>\n<\/td>\n<td style=\"height: 23px;width: 164.297px\">Nata\u0161a Skale<\/td>\n<\/tr>\n<tr style=\"height: 23px\">\n<td style=\"height: 23px;width: 57.375px\">3 \u2013 5<\/td>\n<td style=\"height: 23px;width: 149.328px\">Nata\u0161a Brodnik<\/td>\n<td style=\"height: 23px;width: 164.297px\">Romana Klinar<\/td>\n<\/tr>\n<tr style=\"height: 23px\">\n<td style=\"height: 23px;width: 57.375px\">4 \u2013 6<\/td>\n<td style=\"height: 23px;width: 149.328px\">Katja Mahne<\/td>\n<td style=\"height: 23px;width: 164.297px\">\n<div class=\"page\" title=\"Page 2\">\n<div class=\"section\">\n<div class=\"layoutArea\">\n<div class=\"column\">\n<p>Andreja Klepej<\/p>\n<\/div>\n<\/div>\n<\/div>\n<\/div>\n<\/td>\n<\/tr>\n<tr style=\"height: 23px\">\n<td style=\"height: 23px;width: 57.375px\">5 \u2013 6<\/td>\n<td style=\"height: 23px;width: 149.328px\">\n<div class=\"page\" title=\"Page 2\">\n<div class=\"section\">\n<div class=\"layoutArea\">\n<div class=\"column\">\n<p>Jerneja Rihtar C\u030cuc\u030cek<\/p>\n<\/div>\n<\/div>\n<\/div>\n<\/div>\n<\/td>\n<td style=\"height: 23px;width: 164.297px\">Petra Sitar<\/td>\n<\/tr>\n<\/tbody>\n<\/table>\n<p>So\u010dasnost: Nina Kopitar<\/p>\n","protected":false},"excerpt":{"rendered":"<p>Kajuhova ulica 5, Celje tel. 428 64 50 Delovni \u010das: 06:30 do 16:00 Organizacijska vodja: Branka \u0160mid \u0160anca, dipl. vzg.&nbsp; Svetle igralnice se nahajajo v stari rumeni vili, ki jo obkro\u017ea velik ograjen park z igri\u0161\u010dem. V vrtcu so prostori za otroke prvega in drugega starostnega obdobja. Enota ima zanimive igralne ladje v garderobah in [&hellip;]<\/p>\n","protected":false},"author":11798,"featured_media":0,"parent":0,"menu_order":0,"comment_status":"open","ping_status":"open","template":"","meta":{"_et_pb_use_builder":"off","_et_pb_old_content":"","_et_gb_content_width":"","ngg_post_thumbnail":0,"footnotes":""},"class_list":["post-281","page","type-page","status-publish","hentry"],"_links":{"self":[{"href":"https:\/\/vrtecacc13.splet.arnes.si\/index.php?rest_route=\/wp\/v2\/pages\/281","targetHints":{"allow":["GET"]}}],"collection":[{"href":"https:\/\/vrtecacc13.splet.arnes.si\/index.php?rest_route=\/wp\/v2\/pages"}],"about":[{"href":"https:\/\/vrtecacc13.splet.arnes.si\/index.php?rest_route=\/wp\/v2\/types\/page"}],"author":[{"embeddable":true,"href":"https:\/\/vrtecacc13.splet.arnes.si\/index.php?rest_route=\/wp\/v2\/users\/11798"}],"replies":[{"embeddable":true,"href":"https:\/\/vrtecacc13.splet.arnes.si\/index.php?rest_route=%2Fwp%2Fv2%2Fcomments&post=281"}],"version-history":[{"count":15,"href":"https:\/\/vrtecacc13.splet.arnes.si\/index.php?rest_route=\/wp\/v2\/pages\/281\/revisions"}],"predecessor-version":[{"id":8632,"href":"https:\/\/vrtecacc13.splet.arnes.si\/index.php?rest_route=\/wp\/v2\/pages\/281\/revisions\/8632"}],"wp:attachment":[{"href":"https:\/\/vrtecacc13.splet.arnes.si\/index.php?rest_route=%2Fwp%2Fv2%2Fmedia&parent=281"}],"curies":[{"name":"wp","href":"https:\/\/api.w.org\/{rel}","templated":true}]}}