{"id":287,"date":"2015-09-01T18:26:15","date_gmt":"2015-09-01T16:26:15","guid":{"rendered":"http:\/\/vrtecacc.splet.arnes.si\/?page_id=287"},"modified":"2026-02-05T07:37:18","modified_gmt":"2026-02-05T06:37:18","slug":"enota-mavrica","status":"publish","type":"page","link":"https:\/\/vrtecacc13.splet.arnes.si\/?page_id=287","title":{"rendered":"Enota Mavrica"},"content":{"rendered":"<p>[et_pb_section fb_built=&#8221;1&#8243; admin_label=&#8221;section&#8221; _builder_version=&#8221;4.16&#8243; global_colors_info=&#8221;{}&#8221;][et_pb_row admin_label=&#8221;row&#8221; _builder_version=&#8221;4.16&#8243; background_size=&#8221;initial&#8221; background_position=&#8221;top_left&#8221; background_repeat=&#8221;repeat&#8221; custom_margin=&#8221;|auto||6px||&#8221; global_colors_info=&#8221;{}&#8221;][et_pb_column type=&#8221;4_4&#8243; _builder_version=&#8221;4.16&#8243; custom_padding=&#8221;|||&#8221; global_colors_info=&#8221;{}&#8221; custom_padding__hover=&#8221;|||&#8221;][et_pb_text admin_label=&#8221;Text&#8221; _builder_version=&#8221;4.16&#8243; background_size=&#8221;initial&#8221; background_position=&#8221;top_left&#8221; background_repeat=&#8221;repeat&#8221; global_colors_info=&#8221;{}&#8221;]<\/p>\n<h4 style=\"text-align: left\">ENOTA MAVRICA<\/h4>\n<h4 style=\"text-align: left\"><\/h4>\n<h4 style=\"text-align: left\"><span style=\"font-size: 14px\"><strong><span style=\"color: #666666\">\u010copova ulica 21, Celje<\/span><\/strong><\/span><\/h4>\n<p style=\"text-align: left\"><strong>Delovni \u010das: 5.30 &#8211; 16.30<\/strong><\/p>\n<p style=\"text-align: left\"><strong>Telefonske \u0161tevilke:<\/strong><br \/>\n<strong>1. vhod: 03 425 38 44<\/strong><br \/>\n<strong>2. vhod: 03 425 38 43<\/strong><br \/>\n<strong>3. vhod: 03 425 38 42<\/strong><br \/>\n<strong>mansarda: 03 425 38 45<\/strong><\/p>\n<p align=\"justify\">V svetlih igralnicah je \u017eivahno od zgodnjih jutranjih ur pa vse do ve\u010dera. V vrtcu so prostori za otroke prvega in drugega starostnega obdobja. Zgradba je bila po zadnji poplavi temeljito obnovljena. Enota ima zanimiv mansardni prostor z dvema igralnicama in velik skupni prostor, ki je opremljen z orodjem za \u0161portne dejavnosti in skupne prireditve.<br \/>\nV sodobno opremljeni centralni kuhinji pripravljamo hrano in jo v termo transportnih posodah razva\u017eamo v ostale enote. Ob zgradbi imamo ustrezno, lepo urejeno, ograjeno igri\u0161\u010de, ki je namenjeno le na\u0161im otrokom.<\/p>\n<p align=\"justify\">V enoti se nahaja tudi pisarna organizatorke zdravstveno-higienskega re\u017eima in prehrane Ana Veber, uni. dipl. ing. \u017eivilske tehnologije.<\/p>\n<p align=\"justify\">Organizacijski vodja je pomo\u010dnica ravnateljice Ksenija Pov\u0161e, dipl. vzg. (tel. 03 425 38 40)<\/p>\n<table style=\"width: 487px;height: 276px\">\n<caption>\u00a0<\/caption>\n<tbody>\n<tr style=\"height: 23px\">\n<td style=\"width: 73.675px;height: 23px\"><strong>oddelek<\/strong><\/td>\n<td style=\"width: 169.512px;height: 23px\"><strong>vzgojiteljica<\/strong><\/td>\n<td style=\"width: 225.012px;height: 23px\"><strong>Pomo\u010dnica vzgojiteljice<\/strong><\/td>\n<\/tr>\n<tr style=\"height: 23px\">\n<td style=\"width: 73.675px;height: 23px\">1 \u2013 2<\/td>\n<td style=\"width: 169.512px;height: 23px\">Natalija Slodej<\/td>\n<td style=\"width: 225.012px;height: 23px\">Lara Her\u010dek<\/td>\n<\/tr>\n<tr>\n<td style=\"width: 73.675px\">1 &#8211; 2<\/td>\n<td style=\"width: 169.512px\">Rajka Miladinovi\u0107 (nadome\u0161\u010da Iso Goli\u010dnik)<\/td>\n<td style=\"width: 225.012px\">Tara Soder\u017enik (nadome\u0161\u010da Rajko Miladonovi\u0107)<\/td>\n<\/tr>\n<tr style=\"height: 23px\">\n<td style=\"width: 73.675px;height: 23px\">2 &#8211; 3<\/td>\n<td style=\"width: 169.512px;height: 23px\">\u0160pela Ljubej<\/td>\n<td style=\"width: 225.012px;height: 23px\">Tja\u0161a Romih<\/td>\n<\/tr>\n<tr style=\"height: 23px\">\n<td style=\"width: 73.675px;height: 23px\">2 &#8211; 3<\/td>\n<td style=\"width: 169.512px;height: 23px\">Sanja Bre\u010dko<\/td>\n<td style=\"width: 225.012px;height: 23px\">Mojca \u0160ifer<\/td>\n<\/tr>\n<tr style=\"height: 23px\">\n<td style=\"width: 73.675px;height: 23px\">2 &#8211; 4<\/td>\n<td style=\"width: 169.512px;height: 23px\">Ur\u0161ka Zupanec<\/td>\n<td style=\"width: 225.012px;height: 23px\">Pika Kreti\u010d (nadome\u0161\u010da \u0160pelo Lokov\u0161ek)<\/td>\n<\/tr>\n<tr style=\"height: 23px\">\n<td style=\"width: 73.675px;height: 23px\">3 &#8211; 4<\/td>\n<td style=\"width: 169.512px;height: 23px\">Larisa Oblak Vre\u0161ak<\/td>\n<td style=\"width: 225.012px;height: 23px\">Petra Obrez<\/td>\n<\/tr>\n<tr style=\"height: 23px\">\n<td style=\"width: 73.675px;height: 23px\">3 &#8211; 4<\/td>\n<td style=\"width: 169.512px;height: 23px\">Mateja Lon\u010dar<\/td>\n<td style=\"width: 225.012px;height: 23px\">Katja Budi\u0161<\/td>\n<\/tr>\n<tr style=\"height: 23px\">\n<td style=\"width: 73.675px;height: 23px\">4 &#8211; 5<\/td>\n<td style=\"width: 169.512px;height: 23px\">\u0160pela Lokov\u0161ek (Nadome\u0161\u010da Lucijo Kolar)<\/td>\n<td style=\"width: 225.012px;height: 23px\">Teja Podlun\u0161ek<\/td>\n<\/tr>\n<tr style=\"height: 23px\">\n<td style=\"width: 73.675px;height: 23px\">4 &#8211;\u00a0 5<\/td>\n<td style=\"width: 169.512px;height: 23px\">Natalija Jagodi\u010d<\/td>\n<td style=\"width: 225.012px;height: 23px\">Katja Kranjc<\/td>\n<\/tr>\n<tr style=\"height: 23px\">\n<td style=\"width: 73.675px;height: 23px\">5 &#8211; 6<\/td>\n<td style=\"width: 169.512px;height: 23px\">Natalija Zvonar<\/td>\n<td style=\"width: 225.012px;height: 23px\">Ana Vrabi\u010d<\/td>\n<\/tr>\n<tr style=\"height: 23px\">\n<td style=\"width: 73.675px;height: 23px\">5 &#8211; 6<\/td>\n<td style=\"width: 169.512px;height: 23px\">Maja Planin\u0161ek<\/td>\n<td style=\"width: 225.012px;height: 23px\">Tanja Makov\u0161ek<\/td>\n<\/tr>\n<\/tbody>\n<\/table>\n<p>So\u010dasnost: Jan Mil\u010dinovi\u0107<\/p>\n<p>[\/et_pb_text][\/et_pb_column][\/et_pb_row][\/et_pb_section]<\/p>\n","protected":false},"excerpt":{"rendered":"<p>[et_pb_section fb_built=&#8221;1&#8243; admin_label=&#8221;section&#8221; _builder_version=&#8221;4.16&#8243; global_colors_info=&#8221;{}&#8221;][et_pb_row admin_label=&#8221;row&#8221; _builder_version=&#8221;4.16&#8243; background_size=&#8221;initial&#8221; background_position=&#8221;top_left&#8221; background_repeat=&#8221;repeat&#8221; custom_margin=&#8221;|auto||6px||&#8221; global_colors_info=&#8221;{}&#8221;][et_pb_column type=&#8221;4_4&#8243; _builder_version=&#8221;4.16&#8243; custom_padding=&#8221;|||&#8221; global_colors_info=&#8221;{}&#8221; custom_padding__hover=&#8221;|||&#8221;][et_pb_text admin_label=&#8221;Text&#8221; _builder_version=&#8221;4.16&#8243; background_size=&#8221;initial&#8221; background_position=&#8221;top_left&#8221; background_repeat=&#8221;repeat&#8221; global_colors_info=&#8221;{}&#8221;] ENOTA MAVRICA \u010copova ulica 21, Celje Delovni \u010das: 5.30 &#8211; 16.30 Telefonske \u0161tevilke: 1. vhod: 03 425 38 44 2. vhod: 03 425 38 43 3. vhod: 03 425 38 42 mansarda: [&hellip;]<\/p>\n","protected":false},"author":11798,"featured_media":0,"parent":0,"menu_order":0,"comment_status":"open","ping_status":"open","template":"","meta":{"_et_pb_use_builder":"off","_et_pb_old_content":"","_et_gb_content_width":"","ngg_post_thumbnail":0,"footnotes":""},"class_list":["post-287","page","type-page","status-publish","hentry"],"_links":{"self":[{"href":"https:\/\/vrtecacc13.splet.arnes.si\/index.php?rest_route=\/wp\/v2\/pages\/287","targetHints":{"allow":["GET"]}}],"collection":[{"href":"https:\/\/vrtecacc13.splet.arnes.si\/index.php?rest_route=\/wp\/v2\/pages"}],"about":[{"href":"https:\/\/vrtecacc13.splet.arnes.si\/index.php?rest_route=\/wp\/v2\/types\/page"}],"author":[{"embeddable":true,"href":"https:\/\/vrtecacc13.splet.arnes.si\/index.php?rest_route=\/wp\/v2\/users\/11798"}],"replies":[{"embeddable":true,"href":"https:\/\/vrtecacc13.splet.arnes.si\/index.php?rest_route=%2Fwp%2Fv2%2Fcomments&post=287"}],"version-history":[{"count":16,"href":"https:\/\/vrtecacc13.splet.arnes.si\/index.php?rest_route=\/wp\/v2\/pages\/287\/revisions"}],"predecessor-version":[{"id":8749,"href":"https:\/\/vrtecacc13.splet.arnes.si\/index.php?rest_route=\/wp\/v2\/pages\/287\/revisions\/8749"}],"wp:attachment":[{"href":"https:\/\/vrtecacc13.splet.arnes.si\/index.php?rest_route=%2Fwp%2Fv2%2Fmedia&parent=287"}],"curies":[{"name":"wp","href":"https:\/\/api.w.org\/{rel}","templated":true}]}}