{"id":3083,"date":"2018-03-27T16:15:48","date_gmt":"2018-03-27T14:15:48","guid":{"rendered":"http:\/\/vrtecacc13.splet.arnes.si\/?page_id=3083"},"modified":"2021-02-26T13:55:57","modified_gmt":"2021-02-26T12:55:57","slug":"javna-narocila","status":"publish","type":"page","link":"https:\/\/vrtecacc13.splet.arnes.si\/?page_id=3083","title":{"rendered":"Javna naro\u010dila"},"content":{"rendered":"<p>V skladu z drugim odstavkom 21. \u010dlena ZIN-3 (Uradni list RS, \u0161t. 91\/2015) objavljamo evidenco eviden\u010dnih naro\u010dil nad 10.000,00 evrov za leto 2018\u00a0\u00a0<a href=\"http:\/\/vrtecacc13.splet.arnes.si\/files\/2019\/02\/Eviden\u010dna-naro\u010dila.pdf\">tukaj<\/a><a href=\"http:\/\/vrtecacc13.splet.arnes.si\/files\/2018\/03\/za-na-spletno-stran.pdf\">.<\/a><\/p>\n<p>V skladu z ZJN-3 (Uradni list RS, \u0161t. 91\/2015 in 14\/18) objavljamo evidenco eviden\u010dnih naro\u010dil nad 10.000,00 evrov za leto\u00a02019 <a href=\"http:\/\/vrtecacc13.splet.arnes.si\/files\/2020\/02\/Seznam-eviden\u010dnih-naro\u010dil-2019.pdf\">tukaj<\/a>.<\/p>\n<p>V skladu z ZJN-3 (Uradni list RS, \u0161t. 91\/2015 in 14\/18) objavljamo evidenco eviden\u010dnih naro\u010dil nad 10.000,00 evrov za leto 2020 <a href=\"http:\/\/vrtecacc13.splet.arnes.si\/files\/2021\/02\/objava-JN.pdf\">tukaj.<\/a><\/p>\n<p>&nbsp;<\/p>\n","protected":false},"excerpt":{"rendered":"<p>V skladu z drugim odstavkom 21. \u010dlena ZIN-3 (Uradni list RS, \u0161t. 91\/2015) objavljamo evidenco eviden\u010dnih naro\u010dil nad 10.000,00 evrov za leto 2018\u00a0\u00a0tukaj. V skladu z ZJN-3 (Uradni list RS, \u0161t. 91\/2015 in 14\/18) objavljamo evidenco eviden\u010dnih naro\u010dil nad 10.000,00 evrov za leto\u00a02019 tukaj. V skladu z ZJN-3 (Uradni list RS, \u0161t. 91\/2015 in 14\/18) [&hellip;]<\/p>\n","protected":false},"author":7149,"featured_media":0,"parent":0,"menu_order":0,"comment_status":"closed","ping_status":"closed","template":"","meta":{"_et_pb_use_builder":"","_et_pb_old_content":"","_et_gb_content_width":"","ngg_post_thumbnail":0,"footnotes":""},"class_list":["post-3083","page","type-page","status-publish","hentry"],"_links":{"self":[{"href":"https:\/\/vrtecacc13.splet.arnes.si\/index.php?rest_route=\/wp\/v2\/pages\/3083","targetHints":{"allow":["GET"]}}],"collection":[{"href":"https:\/\/vrtecacc13.splet.arnes.si\/index.php?rest_route=\/wp\/v2\/pages"}],"about":[{"href":"https:\/\/vrtecacc13.splet.arnes.si\/index.php?rest_route=\/wp\/v2\/types\/page"}],"author":[{"embeddable":true,"href":"https:\/\/vrtecacc13.splet.arnes.si\/index.php?rest_route=\/wp\/v2\/users\/7149"}],"replies":[{"embeddable":true,"href":"https:\/\/vrtecacc13.splet.arnes.si\/index.php?rest_route=%2Fwp%2Fv2%2Fcomments&post=3083"}],"version-history":[{"count":9,"href":"https:\/\/vrtecacc13.splet.arnes.si\/index.php?rest_route=\/wp\/v2\/pages\/3083\/revisions"}],"predecessor-version":[{"id":6386,"href":"https:\/\/vrtecacc13.splet.arnes.si\/index.php?rest_route=\/wp\/v2\/pages\/3083\/revisions\/6386"}],"wp:attachment":[{"href":"https:\/\/vrtecacc13.splet.arnes.si\/index.php?rest_route=%2Fwp%2Fv2%2Fmedia&parent=3083"}],"curies":[{"name":"wp","href":"https:\/\/api.w.org\/{rel}","templated":true}]}}