{"id":3373,"date":"2018-06-08T12:55:16","date_gmt":"2018-06-08T10:55:16","guid":{"rendered":"http:\/\/vrtecacc13.splet.arnes.si\/?page_id=3373"},"modified":"2023-01-25T09:57:11","modified_gmt":"2023-01-25T08:57:11","slug":"pooblascena-oseba-za-varstvo-osebnih-podatkov-dpo","status":"publish","type":"page","link":"https:\/\/vrtecacc13.splet.arnes.si\/?page_id=3373","title":{"rendered":"Poobla\u0161\u010dena oseba za varstvo osebnih podatkov (DPO)"},"content":{"rendered":"<p>Poobla\u0161\u010dena oseba za varstvo osebnih podatkov (DPO) v Vrtcu Anice \u010cernejeve, Kajuhova ulica 5, Celje, imenovana skladno s Splo\u0161no uredbo (EU) 2016\/679 o varstvu podatkov (GDPR), je:<\/p>\n<p><strong>Primo\u017e Obreht, univ. dipl. prav.<\/strong><br \/>\n<strong>Center za pravno pomo\u010d, d. o. o.<\/strong><br \/>\n<strong>Mariborska cesta 69, 3000 Celje<\/strong><br \/>\n<strong>E: primoz@czpp.si<\/strong><br \/>\n<strong>T: 059 340 910<\/strong><\/p>\n<p>Posamezniki, na katere se nana\u0161ajo podatki, lahko s poobla\u0161\u010deno osebo za varstvo podatkov sami stopijo v stik glede vseh vpra\u0161anj, povezanih z obdelavo njihovih osebnih podatkov in uresni\u010devanjem njihovih pravic na podlagi veljavnih predpisov, ki urejajo varstvo osebnih podatkov.<\/p>\n<p>Vrtec Anice \u010cernejeve<br \/>\nKajuhova ulica 5, 3000 Celje<br \/>\nRavnateljica: Vanja Kra\u0161ovic<\/p>\n<p><a href=\"https:\/\/vrtecacc13.splet.arnes.si\/files\/2023\/01\/Informacija-o-obdelavi-OP.pdf\">Informacije o obdelavi osebnih podatkov za posameznike<\/a><\/p>\n","protected":false},"excerpt":{"rendered":"<p>Poobla\u0161\u010dena oseba za varstvo osebnih podatkov (DPO) v Vrtcu Anice \u010cernejeve, Kajuhova ulica 5, Celje, imenovana skladno s Splo\u0161no uredbo (EU) 2016\/679 o varstvu podatkov (GDPR), je: Primo\u017e Obreht, univ. dipl. prav. Center za pravno pomo\u010d, d. o. o. Mariborska cesta 69, 3000 Celje E: primoz@czpp.si T: 059 340 910 Posamezniki, na katere se nana\u0161ajo [&hellip;]<\/p>\n","protected":false},"author":7149,"featured_media":0,"parent":0,"menu_order":0,"comment_status":"closed","ping_status":"closed","template":"","meta":{"_et_pb_use_builder":"","_et_pb_old_content":"","_et_gb_content_width":"","ngg_post_thumbnail":0,"footnotes":""},"class_list":["post-3373","page","type-page","status-publish","hentry"],"_links":{"self":[{"href":"https:\/\/vrtecacc13.splet.arnes.si\/index.php?rest_route=\/wp\/v2\/pages\/3373","targetHints":{"allow":["GET"]}}],"collection":[{"href":"https:\/\/vrtecacc13.splet.arnes.si\/index.php?rest_route=\/wp\/v2\/pages"}],"about":[{"href":"https:\/\/vrtecacc13.splet.arnes.si\/index.php?rest_route=\/wp\/v2\/types\/page"}],"author":[{"embeddable":true,"href":"https:\/\/vrtecacc13.splet.arnes.si\/index.php?rest_route=\/wp\/v2\/users\/7149"}],"replies":[{"embeddable":true,"href":"https:\/\/vrtecacc13.splet.arnes.si\/index.php?rest_route=%2Fwp%2Fv2%2Fcomments&post=3373"}],"version-history":[{"count":7,"href":"https:\/\/vrtecacc13.splet.arnes.si\/index.php?rest_route=\/wp\/v2\/pages\/3373\/revisions"}],"predecessor-version":[{"id":7447,"href":"https:\/\/vrtecacc13.splet.arnes.si\/index.php?rest_route=\/wp\/v2\/pages\/3373\/revisions\/7447"}],"wp:attachment":[{"href":"https:\/\/vrtecacc13.splet.arnes.si\/index.php?rest_route=%2Fwp%2Fv2%2Fmedia&parent=3373"}],"curies":[{"name":"wp","href":"https:\/\/api.w.org\/{rel}","templated":true}]}}