{"id":380,"date":"2015-10-09T18:32:42","date_gmt":"2015-10-09T16:32:42","guid":{"rendered":"http:\/\/vrtecacc.splet.arnes.si\/?page_id=380"},"modified":"2025-11-06T10:49:25","modified_gmt":"2025-11-06T09:49:25","slug":"osnovni-podatki","status":"publish","type":"page","link":"https:\/\/vrtecacc13.splet.arnes.si\/?page_id=380","title":{"rendered":"Osnovni podatki"},"content":{"rendered":"<div><strong>SPLO\u0160NI PODATKI:<\/strong> VRTEC&nbsp;ANICE \u010cERNEJEVE<\/div>\n<div><strong>(vrtec deluje kot javni zavod)<\/strong><\/div>\n<p class=\"style15\"><em><strong>USTANOVITELJ VRTCA: <\/strong><\/em>MO&nbsp;CELJE<\/p>\n<p class=\"style15\"><em><strong>SEDE\u017d VRTCA:<\/strong><\/em>&nbsp;Kajuhova ulica 5, 3000 CELJE<\/p>\n<p class=\"style15\"><strong><em>TELEFON:<\/em>&nbsp;03 428 64 50<\/strong><\/p>\n<p class=\"style15\"><strong><i>E \u2013 mail: <\/i>vrtec.anice-cernejeve@guest.arnes.si<\/strong><\/p>\n<p class=\"style15\"><strong><em>ENOTE VRTCA:<\/em><\/strong><\/p>\n<p class=\"style15\"><strong>ENOTA&nbsp;LUNA, Ljubljanska cesta 48, Celje&nbsp;<em>TELEFON:<\/em>&nbsp;03 428 64&nbsp;70<br \/>\n<\/strong><strong>ENOTA MAVRICA, \u010copova ulica 21, Celje&nbsp;<em>TELEFON:<\/em>&nbsp;03 425&nbsp;38&nbsp;40<br \/>\n<\/strong><strong>ENOTA HRIB\u010cEK, Hra\u0161ov\u010deva 1, Celje&nbsp;<em>TELEFON:<\/em>&nbsp;03 428&nbsp;56&nbsp;33<br \/>\n<\/strong><strong>ENOTA SONCE, Kajuhova ulica 5, Celje&nbsp;<em>TELEFON:<\/em>&nbsp;03 428 64 50<br \/>\n<\/strong><strong>ENOTA BOLNI\u0160NICA, Oblakova ulica 5, Celje<\/strong><\/p>\n<p class=\"style15\"><strong>&nbsp;<\/strong><strong>VODSTVO VRTCA:<\/strong><\/p>\n<p class=\"style15\"><em><strong>Ravnateljica:<\/strong><\/em>&nbsp;<strong>Mojca Meke<\/strong>, mag. prof. pred. vzg.<\/p>\n<p class=\"style15\"><em><strong>Pomo\u010dnica ravnateljice: Ksenija Pov\u0161e<\/strong><\/em>, dipl.vzgojiteljica pred\u0161olskih otrok<\/p>\n<p class=\"style15\"><strong>UPRAVA VRTCA:<\/strong><\/p>\n<p class=\"style15\"><strong>Poslovna sekretarka:<\/strong>&nbsp;<strong>Martina Hrovat<\/strong><\/p>\n<p class=\"style15\"><em><strong>Ra\u010dunovodja: Maja Robida<\/strong><\/em><\/p>\n<p class=\"style15\"><em><strong>Knjigovodja: Darja Mraz<\/strong><\/em><\/p>\n<p class=\"style15\"><em><strong>Svetovalna delavka:&nbsp;Sanja Slapar, univ. dipl. psih.<\/strong><\/em><\/p>\n<p class=\"style15\"><strong><em>Organizator prehrane in zdravstveno \u2013 higienskega re\u017eima:<\/em><\/strong> <strong>Ana Veber<\/strong>, uni. dipl. ing. \u017eivilske tehnologije<\/p>\n<p class=\"style15\"><strong>Vodja kuhinje: Nata\u0161a Ferk Kova\u010d<\/strong>.<\/p>\n<p class=\"style15\">Na upravi vrtca lahko urejate vse potrebno glede vpisa \u2013 izpisa otroka, dobite pa&nbsp; lahko tudi podrobnej\u0161e&nbsp; informacije o obra\u010dunu oskrbnin.<\/p>\n<p class=\"style15\">\u017delimo si, da bi vsak va\u0161 problem ali dilemo lahko re\u0161ili \u010dimprej, zato vam sporo\u010damo, da smo dnevno dosegljivi od 7. do 15. ure, v popoldanskem \u010dasu pa po predhodnem dogovoru.<\/p>\n<hr>\n<p><strong>POSEBNOSTI:<\/strong><\/p>\n<p class=\"style19\"><strong>1.BOLNI\u0160NI\u010cNI ODDELEK ZA PRED\u0160OLSKE OTROKE<\/strong><br \/>\n<strong>&nbsp;<\/strong>(na otro\u0161kem oddelku, na oddelku otro\u0161kih kirur\u0161kih strok in otorinolaringolo\u0161kem oddelku Splo\u0161ne bolnice Celje)<\/p>\n<p class=\"style8 style19\"><strong>VZGOJITELJICI:<\/strong><\/p>\n<p class=\"style8 style19\">Darija Jankovi\u010d, otro\u0161ki oddelek<br \/>\nVanja Kra\u0161ovic, otorinolaringolo\u0161ki oddelek<\/p>\n<ul class=\"style8 style19\">\n<li>izvajanje vzgojnega dela za hospitalizirane pred\u0161olske otroke,<\/li>\n<li>sodelovanje s star\u0161i hospitaliziranih otrok,<\/li>\n<li>sodelovanje s sodelavci vrtca in zunanjimi strokovnjaki.<\/li>\n<\/ul>\n<p>&nbsp;<\/p>\n<p class=\"style13\"><strong>2.ODDELEK S PRILAGOJENIM PROGRAMOM: za otroke s posebnimi potrebami z izdano Odlo\u010dbo Komisije za usmerjanje otrok Zavoda RS za \u0161olstvo oziroma zapisnikom<\/strong><\/p>\n<ol>\n<li class=\"style8 style19\">oddelek: vzgojiteljica: Jelka \u0160kornik Prislan in pomo\u010dnica vzgojiteljice: Darja Bohor\u010d<\/li>\n<li class=\"style8 style19\">oddelek: vzgojiteljica Martina Medenjak in pomo\u010dnica vzgojiteljice Nata\u0161a Kadilnik<\/li>\n<li>oddelek: vzgojiteljica Julija Viden\u0161ek in pomo\u010dnica vzgojiteljice Natalija Kova\u010d<\/li>\n<\/ol>\n<p class=\"style8 style19\">Oddelka delujeta v Enoti Luna. Posebnost oddelkov: izvajanje prilagojenega programa. V oddelku je lahko najve\u010d 6 otrok. Oddelka sodelujeta z rednimi oddelki enote in vrtca.<\/p>\n","protected":false},"excerpt":{"rendered":"<p>SPLO\u0160NI PODATKI: VRTEC&nbsp;ANICE \u010cERNEJEVE (vrtec deluje kot javni zavod) USTANOVITELJ VRTCA: MO&nbsp;CELJE SEDE\u017d VRTCA:&nbsp;Kajuhova ulica 5, 3000 CELJE TELEFON:&nbsp;03 428 64 50 E \u2013 mail: vrtec.anice-cernejeve@guest.arnes.si ENOTE VRTCA: ENOTA&nbsp;LUNA, Ljubljanska cesta 48, Celje&nbsp;TELEFON:&nbsp;03 428 64&nbsp;70 ENOTA MAVRICA, \u010copova ulica 21, Celje&nbsp;TELEFON:&nbsp;03 425&nbsp;38&nbsp;40 ENOTA HRIB\u010cEK, Hra\u0161ov\u010deva 1, Celje&nbsp;TELEFON:&nbsp;03 428&nbsp;56&nbsp;33 ENOTA SONCE, Kajuhova ulica 5, Celje&nbsp;TELEFON:&nbsp;03 428 [&hellip;]<\/p>\n","protected":false},"author":11798,"featured_media":0,"parent":0,"menu_order":0,"comment_status":"open","ping_status":"open","template":"","meta":{"_et_pb_use_builder":"off","_et_pb_old_content":"","_et_gb_content_width":"","ngg_post_thumbnail":0,"footnotes":""},"class_list":["post-380","page","type-page","status-publish","hentry"],"_links":{"self":[{"href":"https:\/\/vrtecacc13.splet.arnes.si\/index.php?rest_route=\/wp\/v2\/pages\/380","targetHints":{"allow":["GET"]}}],"collection":[{"href":"https:\/\/vrtecacc13.splet.arnes.si\/index.php?rest_route=\/wp\/v2\/pages"}],"about":[{"href":"https:\/\/vrtecacc13.splet.arnes.si\/index.php?rest_route=\/wp\/v2\/types\/page"}],"author":[{"embeddable":true,"href":"https:\/\/vrtecacc13.splet.arnes.si\/index.php?rest_route=\/wp\/v2\/users\/11798"}],"replies":[{"embeddable":true,"href":"https:\/\/vrtecacc13.splet.arnes.si\/index.php?rest_route=%2Fwp%2Fv2%2Fcomments&post=380"}],"version-history":[{"count":14,"href":"https:\/\/vrtecacc13.splet.arnes.si\/index.php?rest_route=\/wp\/v2\/pages\/380\/revisions"}],"predecessor-version":[{"id":8682,"href":"https:\/\/vrtecacc13.splet.arnes.si\/index.php?rest_route=\/wp\/v2\/pages\/380\/revisions\/8682"}],"wp:attachment":[{"href":"https:\/\/vrtecacc13.splet.arnes.si\/index.php?rest_route=%2Fwp%2Fv2%2Fmedia&parent=380"}],"curies":[{"name":"wp","href":"https:\/\/api.w.org\/{rel}","templated":true}]}}