{"id":404,"date":"2015-10-09T18:38:41","date_gmt":"2015-10-09T16:38:41","guid":{"rendered":"http:\/\/vrtecacc.splet.arnes.si\/?page_id=404"},"modified":"2026-03-16T13:07:30","modified_gmt":"2026-03-16T12:07:30","slug":"placilo-vrtca","status":"publish","type":"page","link":"https:\/\/vrtecacc13.splet.arnes.si\/?page_id=404","title":{"rendered":"Pla\u010dilo vrtca"},"content":{"rendered":"<ul>\n<li><a href=\"https:\/\/www.vrtec-ac.si\/?page_id=6664\">Uveljavljanje pravic iz javnih sredstev<\/a><\/li>\n<li><a href=\"https:\/\/www.vrtec-ac.si\/?page_id=6666\">Sklep o dolo\u010ditvi cen<\/a><\/li>\n<li><a href=\"https:\/\/www.vrtec-ac.si\/?page_id=6669\">Cene programov<\/a><\/li>\n<li><a href=\"https:\/\/www.vrtec-ac.si\/?page_id=6672\">SEPA direktne obremenitve &#8211; trajniki<\/a><\/li>\n<li><a href=\"https:\/\/www.vrtec-ac.si\/?page_id=6674\">Pla\u010dilo vrtca in stalno prebivali\u0161\u010de<\/a><\/li>\n<li><a href=\"https:\/\/vrtecacc13.splet.arnes.si\/files\/2026\/03\/IZJAVA-E-RACUN.pdf\">IZJAVA ZA E-RACUN<\/a><\/li>\n<\/ul>\n","protected":false},"excerpt":{"rendered":"<p>Uveljavljanje pravic iz javnih sredstev Sklep o dolo\u010ditvi cen Cene programov SEPA direktne obremenitve &#8211; trajniki Pla\u010dilo vrtca in stalno prebivali\u0161\u010de IZJAVA ZA E-RACUN<\/p>\n","protected":false},"author":11798,"featured_media":0,"parent":0,"menu_order":0,"comment_status":"open","ping_status":"open","template":"","meta":{"_et_pb_use_builder":"","_et_pb_old_content":"","_et_gb_content_width":"","ngg_post_thumbnail":0,"footnotes":""},"class_list":["post-404","page","type-page","status-publish","hentry"],"_links":{"self":[{"href":"https:\/\/vrtecacc13.splet.arnes.si\/index.php?rest_route=\/wp\/v2\/pages\/404","targetHints":{"allow":["GET"]}}],"collection":[{"href":"https:\/\/vrtecacc13.splet.arnes.si\/index.php?rest_route=\/wp\/v2\/pages"}],"about":[{"href":"https:\/\/vrtecacc13.splet.arnes.si\/index.php?rest_route=\/wp\/v2\/types\/page"}],"author":[{"embeddable":true,"href":"https:\/\/vrtecacc13.splet.arnes.si\/index.php?rest_route=\/wp\/v2\/users\/11798"}],"replies":[{"embeddable":true,"href":"https:\/\/vrtecacc13.splet.arnes.si\/index.php?rest_route=%2Fwp%2Fv2%2Fcomments&post=404"}],"version-history":[{"count":15,"href":"https:\/\/vrtecacc13.splet.arnes.si\/index.php?rest_route=\/wp\/v2\/pages\/404\/revisions"}],"predecessor-version":[{"id":8805,"href":"https:\/\/vrtecacc13.splet.arnes.si\/index.php?rest_route=\/wp\/v2\/pages\/404\/revisions\/8805"}],"wp:attachment":[{"href":"https:\/\/vrtecacc13.splet.arnes.si\/index.php?rest_route=%2Fwp%2Fv2%2Fmedia&parent=404"}],"curies":[{"name":"wp","href":"https:\/\/api.w.org\/{rel}","templated":true}]}}