{"id":413,"date":"2015-10-09T18:40:36","date_gmt":"2015-10-09T16:40:36","guid":{"rendered":"http:\/\/vrtecacc.splet.arnes.si\/?page_id=413"},"modified":"2021-11-07T12:32:08","modified_gmt":"2021-11-07T11:32:08","slug":"poslovnik","status":"publish","type":"page","link":"https:\/\/vrtecacc13.splet.arnes.si\/?page_id=413","title":{"rendered":"Poslovnik"},"content":{"rendered":"<p>Na podlagi 66. \u010dlena Zakona o organizaciji in financiranju vzgoje in izobra\u017eevanja (Uradni list 16\/07- UPB5 in spremembe) in Odloka o ustanovitvi javnih vrtcev Mestne ob\u010dine Celje (Uradni list RS, \u0161t. 66-3114\/2017) je svet star\u0161ev na seji dne 19. 10. 2021 obravnaval in sprejel:<\/p>\n<p><strong>POSLOVNIK O KONSTITUIRANJU IN DELOVANJU SVETA STAR\u0160EV\u00a0<\/strong><strong><em>VRTCA ANICE \u010cERNEJEVE<\/em><\/strong><\/p>\n<p><strong>Splo\u0161ne dolo\u010dbe<\/strong><\/p>\n<ol>\n<li><strong> \u010dlen<\/strong><\/li>\n<\/ol>\n<p>S tem poslovnikom se ureja delovanje sveta star\u0161ev, in sicer splo\u0161na dolo\u010dila o delu sveta star\u0161ev, konstituiranje in volitve sveta star\u0161ev, pristojnosti, naloge, na\u010din dela in postopke za sprejemanje odlo\u010ditev sveta star\u0161ev.<strong>\u00a0<\/strong><\/p>\n<ol start=\"2\">\n<li><strong> \u010dlen<\/strong><\/li>\n<\/ol>\n<p>Delo sveta star\u0161ev je javno. Javnost dela se uresni\u010duje z objavo zapisnikov sej sveta star\u0161ev na oglasnih deskah za star\u0161e<em>. <\/em>Svet star\u0161ev lahko izglasuje na pobudo predsednika ali katerega koli \u010dlana sveta, da del seje ali zapisnika ni javen.<\/p>\n<p>Javnost se lahko izklju\u010di zaradi varovanja osebnih podatkov, osebne nedotakljivosti ali zavarovanja poslovnih skrivnosti zavoda.<strong>\u00a0<\/strong><\/p>\n<ol start=\"3\">\n<li><strong> \u010dlen<\/strong><\/li>\n<\/ol>\n<p>V svetu star\u0161ev je po en predstavnik star\u0161ev iz vsakega oddelka vrtca, ki ga star\u0161i izvolijo na prvem roditeljskem sestanku oddelka z dvigom rok, najkasneje do konca septembra teko\u010dega \u0161olskega leta in ga potrdijo z vpisom v zapisnik sestanka. Prednost kandidiranja za predstavnika v svet star\u0161ev imajo prisotni \u010dlani pred neprisotnimi. Vsak \u010dlan sveta star\u0161ev je lahko predstavnik le enega oddelka vrtca.<\/p>\n<p>Ravnatelj Vrtca Anice \u010cernejeve po tem, ko prejme seznam izvoljenih \u010dlanov v svet star\u0161ev iz vrst star\u0161ev otrok vklju\u010denih v oddelke otrok za posamezno \u0161olsko leto, skli\u010de konstituitivno sejo sveta star\u0161ev.<\/p>\n<p>Za pomo\u010d pri sprejemanju odlo\u010ditev in izvajanju nalog sveta lahko star\u0161i oblikujejo delovne skupine, ki pripravijo predloge sklepov za sprejem na sejah sveta star\u0161ev.<strong>\u00a0<\/strong><\/p>\n<ol start=\"4\">\n<li><strong> \u010dlen<\/strong><\/li>\n<\/ol>\n<p>Mandat \u010dlanov sveta star\u0161ev zavoda traja eno \u0161olsko leto in se vsako \u0161olsko leto na prvi seji na novo potrdi. Predstavnik je lahko ponovno izvoljen, vendar je njegov mandat povezan s statusom otroka v vrtcu.<\/p>\n<p>Posameznik je lahko predstavnik star\u0161ev v svetu le enega oddelka.<\/p>\n<p>\u010clanu sveta star\u0161ev funkcija preneha:<\/p>\n<ul>\n<li>s potekom mandata,<\/li>\n<li>z razre\u0161itvijo (na pobudo star\u0161ev oddelka oz. na podlagi odstopa),<\/li>\n<li>\u010de ne more ve\u010d opravljati funkcije,<\/li>\n<li>ko je otrok izpisan iz vrtca oz. preme\u0161\u010den v drug oddelek v vrtcu.<\/li>\n<\/ul>\n<p>Za preostanek mandatne dobe funkcijo \u010dlana sveta star\u0161ev se izvedejo nadomestne volitve novega predstavnika star\u0161ev oddelka.<\/p>\n<p><strong>Konstituiranje in volitve sveta star\u0161ev<\/strong><\/p>\n<ol start=\"5\">\n<li><strong> \u010dlen<\/strong><\/li>\n<\/ol>\n<p>Prvo sejo sveta star\u0161ev skli\u010de in jo vodi ravnatelj vrtca.<\/p>\n<p>Za konstituiranje sveta star\u0161ev ravnatelj predlaga naslednji dnevni red:<\/p>\n<ul>\n<li>predstavitev nalog sveta star\u0161ev,<\/li>\n<li>poro\u010dilo o opravljenih volitvah v svet star\u0161ev po posameznih oddelkih,<\/li>\n<li>sprejem ugotovitvenega sklepa o konstituiranju sveta star\u0161ev \u2013 potrditev mandatov,<\/li>\n<li>javne volitve predsednika in namestnika sveta star\u0161ev,<\/li>\n<li>javne volitve predstavnikov sveta star\u0161ev v svet vrtca.<\/li>\n<li>obravnava poro\u010dila o uresni\u010devanju letnega delovnega na\u010drta v preteklem \u0161olskem letu,<\/li>\n<li>razno, predlogi in pobude.<\/li>\n<\/ul>\n<ol start=\"6\">\n<li><strong> \u010dlen<\/strong><\/li>\n<\/ol>\n<p>Star\u0161i izvolijo predsednika in namestnika predsednika sveta star\u0161ev na konstitutivni seji. Prisotne se povabi, da predlagajo enega ali ve\u010d kandidatov. Predlog kandidata lahko predlaga vsak \u010dlan sveta star\u0161ev, kandidat pa mora\u00a0 potrditi svojo kandidaturo. Prednost kandidiranja imajo prisotni \u010dlani pred neprisotnimi.<\/p>\n<p>V primeru ve\u010d kandidatov se na podlagi prejetih kandidatur oblikuje kandidatna lista.<em>\u00a0<\/em><\/p>\n<ol start=\"7\">\n<li><strong> \u010dlen<\/strong><\/li>\n<\/ol>\n<p>O kandidatih se glasuje tako, da se predlaga glasovanje o kandidatih po abecednem vrstnem redu priimkov, nato pa se glasuje z dvigom rok, lo\u010deno za predsednika in nato za namestnika predsednika sveta star\u0161ev.<\/p>\n<p>Za predsednika oz. namestnika predsednika sveta star\u0161ev je izvoljen kandidat, ki je dobil najve\u010dje \u0161tevilo glasov vseh prisotnih \u010dlanov sveta star\u0161ev. V primeru, da prejme ve\u010d kandidatov enako \u0161tevilo glasov, se glasovanje ponavlja toliko \u010dasa, dokler eden izmed kandidatov ne prejme ve\u010djega \u0161tevila glasov od drugih.<\/p>\n<ol start=\"8\">\n<li><strong> \u010dlen<\/strong><\/li>\n<\/ol>\n<p>Predstavnike star\u0161ev v svetu zavoda zastopajo trije predstavniki star\u0161ev. Mandat predstavnikov sveta star\u0161ev v svetu zavoda je vezan na 4 leta. Ista oseba je lahko izvoljena dvakrat zaporedoma (najve\u010d 8 let).<\/p>\n<p>\u010clanom sveta zavoda iz vrst predstavnikov sveta star\u0161ev pred\u010dasno preneha mandat kot \u010dlanom sveta zavoda:<\/p>\n<ul>\n<li>ko jim preneha status star\u0161a, tj. ko njihovim otrokom preneha status otroka v Vrtcu Anice \u010cernejeve,<\/li>\n<li>\u010de podajo pisno odstopno izjavo, v kateri izjavijo, da ne \u017eelijo ve\u010d sodelovati v svetu zavoda in<\/li>\n<li>\u010de so odpoklicani.<\/li>\n<\/ul>\n<p>V primeru, da komu od predstavnikov star\u0161ev, ki so v svetu zavoda, preneha mandat, se izvedejo nadomestne volitve za preostali \u010das mandata.<\/p>\n<ol start=\"9\">\n<li><strong>\u010dlen<\/strong><\/li>\n<\/ol>\n<p>Za volitve predstavnikov star\u0161ev v svet zavoda se smiselno uporabljajo dolo\u010dbe za volitve predsednika sveta star\u0161ev in njegovega namestnika.<\/p>\n<p>Pravico kandidirati za \u010dlana sveta zavoda \u2013 predstavnika star\u0161ev imajo vsi star\u0161i ne glede na to, ali so \u010dlani sveta star\u0161ev ali ne.<\/p>\n<p>Dol\u017enost predstavnika star\u0161ev v svetu zavoda, ki ni \u010dlan sveta star\u0161ev, je redna udele\u017eba na sejah sveta star\u0161ev in predstavitev aktualnosti s sej sveta star\u0161ev na sejah sveta zavoda.<\/p>\n<p><strong>\u00a0<\/strong><\/p>\n<p><strong>Pristojnosti in na\u010din dela sveta star\u0161ev<\/strong><\/p>\n<ol start=\"10\">\n<li><strong> \u010dlen<\/strong><\/li>\n<\/ol>\n<p>Svet star\u0161ev predstavlja in zastopa predsednik sveta star\u0161ev.<\/p>\n<p>Predsednik sveta star\u0161ev predlaga dnevni red, sklicuje in vodi seje sveta star\u0161ev, sodeluje z ravnateljem zavoda, skrbi za realizacijo sklepov sveta star\u0161ev, usklajuje delo sveta star\u0161ev, podpisuje zapisnike s sestankov sveta in pisne odpravke sklepov, posreduje med \u010dlani sveta in vodstvom zavoda, se udele\u017euje sej sveta zavoda in izvaja druge naloge v skladu s predpisi s podro\u010dja\u00a0 vzgoje in izobra\u017eevanja in drugimi akti zavoda.<\/p>\n<p>Namestnik predsednika opravlja naloge, za katere ga predsednik sveta star\u0161ev pooblasti in naloge predsednika sveta star\u0161ev v \u010dasu njegove odsotnosti.<\/p>\n<ol start=\"11\">\n<li><strong>\u010dlen<\/strong><\/li>\n<\/ol>\n<p>Svet star\u0161ev opravlja naloge, dolo\u010dene s predpisi s podro\u010dja vzgoje in izobra\u017eevanja, ustanovitvenim aktom zavoda in drugimi akti zavoda, predvsem pa:<\/p>\n<ul>\n<li>predlaga nadstandardne programe,<\/li>\n<li>daje soglasje k predlogu ravnatelja o nadstandardnih storitvah,<\/li>\n<li>daje mnenje o predlogu programa razvoja vrtca in o letnem delovnem na\u010drtu,<\/li>\n<li>daje mnenje o kandidatih, ki izpolnjujejo pogoje za ravnatelja,<\/li>\n<li>razpravlja o poro\u010dilih ravnatelja o vzgojno-izobra\u017eevalni problematiki,<\/li>\n<li>obravnava prito\u017ebe star\u0161ev v zvezi z vzgojno-izobra\u017eevalnim delom,<\/li>\n<li>voli predstavnike star\u0161ev v svet vrtca,<\/li>\n<li>lahko sprejme svoj program dela sodelovanja z zavodom, zlasti glede vklju\u010devanja v lokalno okolje,<\/li>\n<li>v dogovoru z vodstvom zavoda lahko ustanavlja oziroma oblikuje delovne skupine,<\/li>\n<li>imenuje upravni odbor sklada vrtca.<\/li>\n<\/ul>\n<ol start=\"12\">\n<li><strong>\u010dlen<\/strong><\/li>\n<\/ol>\n<p>Dol\u017enost \u010dlana sveta star\u0161ev je, da se udele\u017euje sej sveta star\u0161ev. Svojo opravi\u010deno odsotnost mora \u010dlan sveta star\u0161ev sporo\u010diti tajni\u0161tvu zavoda, takoj ko izve za razlog odsotnosti.<\/p>\n<p>\u010clan sveta star\u0161ev mora o sklepih sestankov sveta star\u0161ev obve\u0161\u010dati star\u0161e na roditeljskih sestankih.<\/p>\n<p>Na sejah sveta star\u0161ev poro\u010da o sklepih roditeljskih sestankov in izpostaviti probleme, vpra\u0161anja in pobude, ki so jih star\u0161i naslovili nanj.<\/p>\n<ol start=\"13\">\n<li><strong>\u010dlen<\/strong><\/li>\n<\/ol>\n<p>\u010clani sveta star\u0161ev so dol\u017eni varovati podatke, ki so s predpisi dolo\u010deni kot zaupni in jih kot zaupne dolo\u010di svet zavoda ali ravnatelj zavoda.<\/p>\n<p>Kot zaupni se vedno \u0161tejejo osebni podatki udele\u017eencev vzgoje in izobra\u017eevanja, delavcev zavoda in star\u0161ev, ki se vodijo v zbirkah osebnih podatkov, dolo\u010denih v zakonu, ki ureja varstvo osebnih podatkov.<\/p>\n<ol start=\"14\">\n<li><strong>\u010dlen<\/strong><\/li>\n<\/ol>\n<p>Delovna skupina se lahko oblikuje za izvr\u0161itev posamezne naloge ali preu\u010ditev dolo\u010denega vpra\u0161anja oz. problema, med drugim delovanje vrt\u010devskega sklada.<\/p>\n<p>Delovna skupina pripravi predloge, ki jih obravnava in v obliki sklepov sprejme svet star\u0161ev.<\/p>\n<ol start=\"15\">\n<li><strong>\u010dlen<\/strong><\/li>\n<\/ol>\n<p>Svet star\u0161ev dela in odlo\u010da na sejah.<\/p>\n<p>Obvezni seji se skli\u010deta do konca oktobra (v za\u010detku \u0161olskega leta) in najkasneje v juniju (ob koncu \u0161olskega leta).<\/p>\n<ol start=\"16\">\n<li><strong>\u010dlen<\/strong><\/li>\n<\/ol>\n<p>Seje so redne, izredne in koresponden\u010dne.<\/p>\n<p>Redne seje sklicuje predsednik sveta star\u0161ev. Sejo mora sklicati tudi na zahtevo ene tretjine (1\/3) \u010dlanov sveta star\u0161ev ali ravnatelja zavoda.<\/p>\n<p>\u010ce na zahtevo ravnatelja predsednik sveta star\u0161ev ne skli\u010de seje sveta star\u0161ev, lahko le-to skli\u010de ravnatelj zavoda. O utemeljenosti odlo\u010da svet star\u0161ev pred obravnavo dnevnega reda.<\/p>\n<p>Predsednik sveta star\u0161ev oz. drug sklicatelj lahko izjemoma skli\u010de izredno sejo sveta v primerih, kadar lahko neobravnava dolo\u010denega vpra\u0161anja povzro\u010di zastoj pri delu zavoda ali nenadomestljivo \u0161kodo za zavod ali udele\u017eence izobra\u017eevanja.<\/p>\n<p>Predsednik sveta star\u0161ev lahko v primerih, ko je odlo\u010danje o posamezni zadevi nujno, predlaga \u010dlanom sveta glasovanje o tej zadevi po <u>elektronski po\u0161ti ali telefonsko (koresponden\u010dne seje)<\/u>. Predlog odlo\u010ditve in utemeljitev se v obliki glasovnice po\u0161lje \u010dlanom sveta v glasovanje.<\/p>\n<p>O dopisni seji se naredi uradni zaznamek, o izidu glasovanja pa se obvesti \u010dlane na prvi naslednji redni ali izredni seji.<\/p>\n<ol start=\"17\">\n<li><strong>\u010dlen<\/strong><\/li>\n<\/ol>\n<p>Kraj, datum, uro in dnevni red seje dolo\u010dita predsednik sveta star\u0161ev in ravnatelj sporazumno.<br \/>\nVabilo in gradivo za sejo skupaj z zapisnikom prej\u0161nje seje morajo \u010dlanom sveta star\u0161ev poslati najmanj 7 dni pred sejo. Izjemoma, v nujnih primerih, lahko predsednik odlo\u010di, da se rok skraj\u0161a.<\/p>\n<p>Vabila se praviloma vro\u010dajo po navadni po\u0161ti na doma\u010di naslov.<\/p>\n<p>Na sejo sveta star\u0161ev se povabi ravnatelja zavoda, pomo\u010dnika ravnatelja in katerokoli drugo osebo, katere prisotnost je potrebna glede na vsebino dnevnega reda ali izvedbo seje. Osebe, ki sodelujejo na sejah sveta star\u0161ev in niso \u010dlani sveta star\u0161ev imajo pravico sodelovati v razpravi, nimajo pa pravice odlo\u010danja.<\/p>\n<ol start=\"18\">\n<li><strong>\u010dlen<\/strong><\/li>\n<\/ol>\n<p>Sejo sveta star\u0161ev vodi predsednik sveta star\u0161ev, njegov namestnik ali oseba, ki jo zato pooblasti predsednik sveta.<\/p>\n<p>Na za\u010detku seje predsedujo\u010di ugotovi prisotnost \u010dlanov sveta star\u0161ev.<\/p>\n<p>Svet star\u0161ev je sklep\u010den, \u010de je na seji prisotna ve\u010d kot polovica \u010dlanov sveta star\u0161ev, medtem ko odlo\u010ditve sprejema z ve\u010dino glasov na seji prisotnih \u010dlanov.<\/p>\n<p>V primeru nesklep\u010dnosti sveta predsedujo\u010di odlo\u010di, ali se seja prelo\u017ei in kdaj se bo nadaljevala. \u010ce je o posamezni to\u010dki potrebno nujno sprejeti odlo\u010ditev, lahko predsedujo\u010di odlo\u010di, da prisotni \u010dlani obravnavajo to\u010dko dnevnega reda takoj, odsotni pa odlo\u010dajo naknadno po po\u0161ti.<\/p>\n<ol start=\"19\">\n<li><strong>\u010dlen<\/strong><\/li>\n<\/ol>\n<p>Predsedujo\u010di predlaga dnevni red, ki je bil poslan z vabilom, nato za\u010dne razpravo o predlogu dnevnega reda. \u010clani sveta lahko predlagajo dodatne to\u010dke, vendar jih predsedujo\u010di uvrsti na dnevni red le, \u010de obravnava teh to\u010dk ni zahtevna in ne potrebuje priprave gradiva. V nasprotnem primeru se take to\u010dke uvrstijo na dnevni red naslednje seje.<\/p>\n<p>Dnevni red vsake seje vsebuje vsaj naslednje to\u010dke: ugotovitev sklep\u010dnosti, sprejem dnevnega reda, pregled zapisnika in realizacije sklepov, vsebinska obravnava to\u010dk dnevnega reda, pobude in predlogi ter to\u010dka \u00bbrazno\u00ab.<\/p>\n<ol start=\"20\">\n<li><strong> \u010dlen<\/strong><\/li>\n<\/ol>\n<p>O delu na seji sveta star\u0161ev se pi\u0161e zapisnik.<\/p>\n<p>Zapisnik pi\u0161e pomo\u010dnik ravnatelja, podpi\u0161e pa ga predsednik sveta star\u0161ev.<\/p>\n<p>Zapisnik vsebuje: zaporedno \u0161tevilko seje, datum, uro in kraj seje, seznam prisotnih, dnevni red seje, povzetke razprav po to\u010dkah dnevnega reda in sprejete sklepe o to\u010dkah dnevnega reda, dodeljene ali prevzete naloge oz. zadol\u017eitve ter podpis predsedujo\u010dega in zapisnikarja.<\/p>\n<p>Potrjeni zapisnik se po seji po\u0161lje vsem \u010dlanom sveta star\u0161ev, predsedniku sveta zavoda in ravnatelju ter objavi na oglasnih deskah enot.<\/p>\n<p>Zapisniki sej sveta star\u0161ev se hranijo v skladu z veljavnimi predpisi o hrambi dokumentacije v zavodih.<\/p>\n<ol start=\"21\">\n<li><strong> \u010dlen<\/strong><\/li>\n<\/ol>\n<p>Predsednik sveta star\u0161ev sodeluje z ravnateljem vrtca pri:<\/p>\n<ul>\n<li>pripravi seje in pripravi gradiva za sejo sveta star\u0161ev,<\/li>\n<li>spremljanju izvajanja sklepov sveta star\u0161ev,<\/li>\n<li>poro\u010danju sveta star\u0161ev o izvajanju sklepov<\/li>\n<li>izvajanju programa dela sveta star\u0161ev,<\/li>\n<li>zagotavljanju pogojev za delo sveta star\u0161ev.<\/li>\n<\/ul>\n<p>Vabila, gradiva in zapisnike star\u0161em po\u0161ilja vrtec.<\/p>\n<ol start=\"22\">\n<li><strong>\u010dlen<\/strong><\/li>\n<\/ol>\n<p>V skladu z zakonskimi pristojnostmi sveta star\u0161ev oblikuje mnenje k imenovanju ravnatelja. Na seji sveta star\u0161ev, ki mora biti pred sejo sveta zavoda, na kateri se potrjuje ravnatelja, se predstavi kandidate in oblikuje skupno mnenje o posameznih kandidatih, o katerih se nato tudi glasuje.<\/p>\n<ol start=\"23\">\n<li><strong> \u010dlen<\/strong><\/li>\n<\/ol>\n<p>Poslovnik o delu sveta star\u0161ev je sprejet in za\u010dne veljati na dan, ko ga z ve\u010dino glasov sprejme svet star\u0161ev in objavi. Poslovnik se objavi na oglasni deski.<\/p>\n<p>Poslovnik se spreminja na enak na\u010din, kot se ga sprejema.<br \/>\n<strong>Prehodne in kon\u010dne dolo\u010dbe<br \/>\n<\/strong><\/p>\n<ol start=\"24\">\n<li><strong> \u010dlen<\/strong><\/li>\n<\/ol>\n<p>Z dnem uveljavitve tega poslovnika preneha veljati Poslovnik o konstituiranju in delovanju sveta star\u0161ev Vrtca Anice \u010cernejeve, z dne 12. 3. 2014.<\/p>\n<p>&nbsp;<\/p>\n<p>Ta poslovnik za\u010dne veljati naslednji dan po sprejetju. Objavi se na v vrtcu obi\u010dajen na\u010din, na oglasnih deskah enot.<\/p>\n<p>&nbsp;<\/p>\n<p>V \u00a0Celju, \u00a0dne 19. 10. 2021<\/p>\n<p>Podpis predsednika sveta star\u0161ev:\u00a0 Ma\u0161a Habjan Cigale\u00a0 \u00a0 \u00a0 \u00a0 \u00a0 \u00a0 \u00a0 \u00a0 \u00a0 \u00a0 \u00a0 \u00a0 \u00a0 \u00a0 \u00a0 \u00a0 \u00a0 \u00a0 \u00a0 \u00a0 \u00a0 \u00a0 \u00a0 \u00a0 \u00a0 \u00a0 \u00a0 \u00a0 \u00a0 \u00a0 \u00a0 \u00a0 \u00a0 \u00a0 \u00a0 \u00a0Podpis ravnateljice: \u00a0Vanja Kra\u0161ovic<\/p>\n<p>&nbsp;<\/p>\n","protected":false},"excerpt":{"rendered":"<p>Na podlagi 66. \u010dlena Zakona o organizaciji in financiranju vzgoje in izobra\u017eevanja (Uradni list 16\/07- UPB5 in spremembe) in Odloka o ustanovitvi javnih vrtcev Mestne ob\u010dine Celje (Uradni list RS, \u0161t. 66-3114\/2017) je svet star\u0161ev na seji dne 19. 10. 2021 obravnaval in sprejel: POSLOVNIK O KONSTITUIRANJU IN DELOVANJU SVETA STAR\u0160EV\u00a0VRTCA ANICE \u010cERNEJEVE Splo\u0161ne dolo\u010dbe [&hellip;]<\/p>\n","protected":false},"author":11798,"featured_media":0,"parent":0,"menu_order":0,"comment_status":"open","ping_status":"open","template":"","meta":{"_et_pb_use_builder":"","_et_pb_old_content":"","_et_gb_content_width":"","ngg_post_thumbnail":0,"footnotes":""},"class_list":["post-413","page","type-page","status-publish","hentry"],"_links":{"self":[{"href":"https:\/\/vrtecacc13.splet.arnes.si\/index.php?rest_route=\/wp\/v2\/pages\/413","targetHints":{"allow":["GET"]}}],"collection":[{"href":"https:\/\/vrtecacc13.splet.arnes.si\/index.php?rest_route=\/wp\/v2\/pages"}],"about":[{"href":"https:\/\/vrtecacc13.splet.arnes.si\/index.php?rest_route=\/wp\/v2\/types\/page"}],"author":[{"embeddable":true,"href":"https:\/\/vrtecacc13.splet.arnes.si\/index.php?rest_route=\/wp\/v2\/users\/11798"}],"replies":[{"embeddable":true,"href":"https:\/\/vrtecacc13.splet.arnes.si\/index.php?rest_route=%2Fwp%2Fv2%2Fcomments&post=413"}],"version-history":[{"count":7,"href":"https:\/\/vrtecacc13.splet.arnes.si\/index.php?rest_route=\/wp\/v2\/pages\/413\/revisions"}],"predecessor-version":[{"id":6825,"href":"https:\/\/vrtecacc13.splet.arnes.si\/index.php?rest_route=\/wp\/v2\/pages\/413\/revisions\/6825"}],"wp:attachment":[{"href":"https:\/\/vrtecacc13.splet.arnes.si\/index.php?rest_route=%2Fwp%2Fv2%2Fmedia&parent=413"}],"curies":[{"name":"wp","href":"https:\/\/api.w.org\/{rel}","templated":true}]}}