{"id":423,"date":"2015-10-09T18:43:14","date_gmt":"2015-10-09T16:43:14","guid":{"rendered":"http:\/\/vrtecacc.splet.arnes.si\/?page_id=423"},"modified":"2023-02-24T16:24:35","modified_gmt":"2023-02-24T15:24:35","slug":"postopek","status":"publish","type":"page","link":"https:\/\/vrtecacc13.splet.arnes.si\/?page_id=423","title":{"rendered":"Postopek"},"content":{"rendered":"<p class=\"art-postheader\">Vrtec vpisuje in sprejema novince v svoje programe na podlagi prijav in prostih mest vse leto.<br \/>\n<strong>Javni vpis za novo \u0161olsko leto <\/strong>poteka v mesecu marcu in ga vrtec vsako leto objavi v lokalnih sredstvih javnega obve\u0161\u010danja, na svoji spletni strani in spletne strani ob\u010dine ustanoviteljice, Mestne ob\u010dine Celje.&nbsp;<\/p>\n<p class=\"art-postheader\"><strong>Vloge za vpis, ki prispejo po roku javnega vpisa,&nbsp;<\/strong>se obravnavajo kot vloge za vstop novinca na prosta mesta, ki bi morebiti nastala v obstoje\u010dih oddelkih med \u0161olskim letom. Pri vklju\u010ditvi imajo prednost otroci, ki so na \u010dakalnem seznamu vrtca oz. centralnem \u010dakalnem seznamu (kjer so zdru\u017eeni \u010dakalni seznami vseh treh javnih vrtcev v MO Celje).<\/p>\n<p>Vrtec sme sprejeti otroka, ki je dopolnil&nbsp;<strong>starost najmanj enajst mesecev, \u010de star\u0161i ne uveljavljate ve\u010d pravice do star\u0161evskega dopusta v obliki polne odsotnosti z dela. <\/strong>Pogoj za vklju\u010ditev otroka je tudi cepljenje po obveznem programu &#8211; razen v primeru, da za necepljenje obstaja medicinski razlog.<\/p>\n<div class=\"art-postcontent clearfix\">Vrtec v za\u010detku novega \u0161olskega leta sprejme novince, ki izpolnjujejo pogoje za vstop v vrtec s septembrom teko\u010dega leta. Ostale otroke sprejema, ko izpolnijo z zakonom dolo\u010den starostni pogoj za vstop v vrtec in \u010de ima vrtec \u0161e prosta mesta v \u017ee oblikovanih oddelkih po LDN.<\/div>\n<p>Star\u0161i oz. skrbniki dobite vlogo za vpis na spletni strani Vrtca Anice \u010cernejeve <a href=\"https:\/\/vrtecacc13.splet.arnes.si\/files\/2022\/02\/Vpisni-list.pdf\">(<\/a><a href=\"https:\/\/vrtecacc13.splet.arnes.si\/files\/2023\/02\/Vpisni-list-23-24.pdf\">tukaj)<\/a> in osebno na upravi vrtca.<\/p>\n<div class=\"art-postcontent clearfix\">\n<div class=\"art-article\">\n<p>&nbsp;<\/p>\n<p><strong>Izpis iz vrtca<\/strong><\/p>\n<p>V skladu z dolo\u010dili XI. \u010dlena pogodbe o dolo\u010ditvi medsebojnih pravic in obveznosti star\u0161ev in vrtca lahko star\u0161i izpi\u0161ete otroka iz vrtca kadarkoli s 15-dnevnim odpovednim rokom, ki za\u010dne te\u010di z dnem prejema pisne izpisnice na upravi vrtca. Izpisnico lahko prinesete osebno, po\u0161ljete po klasi\u010dni po\u0161ti ali skenirano po e-po\u0161ti.<\/p>\n<p>Veselimo se sodelovanja z vami.<\/p>\n<p>&nbsp;<\/p>\n<p>&nbsp;<\/p>\n<\/div>\n<\/div>\n","protected":false},"excerpt":{"rendered":"<p>Vrtec vpisuje in sprejema novince v svoje programe na podlagi prijav in prostih mest vse leto. Javni vpis za novo \u0161olsko leto poteka v mesecu marcu in ga vrtec vsako leto objavi v lokalnih sredstvih javnega obve\u0161\u010danja, na svoji spletni strani in spletne strani ob\u010dine ustanoviteljice, Mestne ob\u010dine Celje.&nbsp; Vloge za vpis, ki prispejo po [&hellip;]<\/p>\n","protected":false},"author":11798,"featured_media":0,"parent":0,"menu_order":0,"comment_status":"open","ping_status":"open","template":"","meta":{"_et_pb_use_builder":"","_et_pb_old_content":"","_et_gb_content_width":"","ngg_post_thumbnail":0,"footnotes":""},"class_list":["post-423","page","type-page","status-publish","hentry"],"_links":{"self":[{"href":"https:\/\/vrtecacc13.splet.arnes.si\/index.php?rest_route=\/wp\/v2\/pages\/423","targetHints":{"allow":["GET"]}}],"collection":[{"href":"https:\/\/vrtecacc13.splet.arnes.si\/index.php?rest_route=\/wp\/v2\/pages"}],"about":[{"href":"https:\/\/vrtecacc13.splet.arnes.si\/index.php?rest_route=\/wp\/v2\/types\/page"}],"author":[{"embeddable":true,"href":"https:\/\/vrtecacc13.splet.arnes.si\/index.php?rest_route=\/wp\/v2\/users\/11798"}],"replies":[{"embeddable":true,"href":"https:\/\/vrtecacc13.splet.arnes.si\/index.php?rest_route=%2Fwp%2Fv2%2Fcomments&post=423"}],"version-history":[{"count":22,"href":"https:\/\/vrtecacc13.splet.arnes.si\/index.php?rest_route=\/wp\/v2\/pages\/423\/revisions"}],"predecessor-version":[{"id":7492,"href":"https:\/\/vrtecacc13.splet.arnes.si\/index.php?rest_route=\/wp\/v2\/pages\/423\/revisions\/7492"}],"wp:attachment":[{"href":"https:\/\/vrtecacc13.splet.arnes.si\/index.php?rest_route=%2Fwp%2Fv2%2Fmedia&parent=423"}],"curies":[{"name":"wp","href":"https:\/\/api.w.org\/{rel}","templated":true}]}}