{"id":432,"date":"2015-10-09T18:44:20","date_gmt":"2015-10-09T16:44:20","guid":{"rendered":"http:\/\/vrtecacc.splet.arnes.si\/?page_id=432"},"modified":"2025-10-01T10:58:00","modified_gmt":"2025-10-01T08:58:00","slug":"dodatne-dejavnosti","status":"publish","type":"page","link":"https:\/\/vrtecacc13.splet.arnes.si\/?page_id=432","title":{"rendered":"Dodatne dejavnosti"},"content":{"rendered":"<p>Dodatne dejavnosti so namenjene otrokom, ki so vklju\u010deni v vrtec; so starej\u0161i od 3 let in imajo veselje ter smisel za dolo\u010dena podro\u010dja. Programi se izvajajo v praznih prostorih vrtca po 15. 00 uri od oktobra do maja. Stro\u0161ke za izvedbo dodatnih dejavnosti krijejo star\u0161i v celoti. Otroci, za katere se bodo star\u0161i odlo\u010dili, da bodo obiskovali dodatne dejavnosti, se ne smejo vrniti v oddelek, ampak jih po kon\u010dani dejavnosti pridejo iskati star\u0161i.<\/p>\n<p>Dodatne dejavnosti v \u0161ol. l. 2025\/2026<\/p>\n<table style=\"width: 682px\" width=\"603\">\n<tbody>\n<tr>\n<td style=\"width: 101.312px\"><strong>Enota:<\/strong><\/td>\n<td style=\"width: 144.438px\"><strong>Termin:<\/strong><\/td>\n<td style=\"width: 161.484px\"><strong>Dejavnost :<\/strong><\/td>\n<td style=\"width: 246.766px\"><strong>Izvajalec: <\/strong><\/td>\n<\/tr>\n<tr>\n<td style=\"width: 101.312px\">SONCE<\/td>\n<td style=\"width: 144.438px\">ponedeljek in torek<\/td>\n<td style=\"width: 161.484px\">angle\u0161\u010dina<\/td>\n<td style=\"width: 246.766px\">ga. Sandra Feketija<\/td>\n<\/tr>\n<tr>\n<td style=\"width: 101.312px\">MAVRICA<\/td>\n<td style=\"width: 144.438px\">sreda<\/td>\n<td style=\"width: 161.484px\">Sprostitvene igre in dejavnosti za otroke<\/td>\n<td style=\"width: 246.766px\">ga. Katja Kranjc<\/td>\n<\/tr>\n<tr>\n<td style=\"width: 101.312px\">MAVRICA<\/td>\n<td style=\"width: 144.438px\">torek<\/td>\n<td style=\"width: 161.484px\">gibanje<\/td>\n<td style=\"width: 246.766px\">dru\u0161tvo \u0160portaRia, program \u017dogaria<\/td>\n<\/tr>\n<tr>\n<td style=\"width: 101.312px\">HRIB\u010cEK<\/td>\n<td style=\"width: 144.438px\">torek<\/td>\n<td style=\"width: 161.484px\">gibanje<\/td>\n<td style=\"width: 246.766px\">dru\u0161tvo TVOJ DIH (Pingo vadba)<\/td>\n<\/tr>\n<tr>\n<td style=\"width: 101.312px\">LUNA<\/td>\n<td style=\"width: 144.438px\">torek<\/td>\n<td style=\"width: 161.484px\">plesne dejavnosti<\/td>\n<td style=\"width: 246.766px\">D`mundo (ga. Dajana Pungar\u0161ek)<\/td>\n<\/tr>\n<tr>\n<td style=\"width: 101.312px\">LUNA<\/td>\n<td style=\"width: 144.438px\">\u010detrtek<\/td>\n<td style=\"width: 161.484px\">gibanje<\/td>\n<td style=\"width: 246.766px\">dru\u0161tvo \u0160portaRia, program \u017dogaria<\/td>\n<\/tr>\n<\/tbody>\n<\/table>\n<p>&nbsp;<\/p>\n<p>&nbsp;<\/p>\n<p>&nbsp;<\/p>\n","protected":false},"excerpt":{"rendered":"<p>Dodatne dejavnosti so namenjene otrokom, ki so vklju\u010deni v vrtec; so starej\u0161i od 3 let in imajo veselje ter smisel za dolo\u010dena podro\u010dja. Programi se izvajajo v praznih prostorih vrtca po 15. 00 uri od oktobra do maja. Stro\u0161ke za izvedbo dodatnih dejavnosti krijejo star\u0161i v celoti. Otroci, za katere se bodo star\u0161i odlo\u010dili, da [&hellip;]<\/p>\n","protected":false},"author":11798,"featured_media":0,"parent":0,"menu_order":0,"comment_status":"open","ping_status":"open","template":"","meta":{"_et_pb_use_builder":"","_et_pb_old_content":"","_et_gb_content_width":"","ngg_post_thumbnail":0,"footnotes":""},"class_list":["post-432","page","type-page","status-publish","hentry"],"_links":{"self":[{"href":"https:\/\/vrtecacc13.splet.arnes.si\/index.php?rest_route=\/wp\/v2\/pages\/432","targetHints":{"allow":["GET"]}}],"collection":[{"href":"https:\/\/vrtecacc13.splet.arnes.si\/index.php?rest_route=\/wp\/v2\/pages"}],"about":[{"href":"https:\/\/vrtecacc13.splet.arnes.si\/index.php?rest_route=\/wp\/v2\/types\/page"}],"author":[{"embeddable":true,"href":"https:\/\/vrtecacc13.splet.arnes.si\/index.php?rest_route=\/wp\/v2\/users\/11798"}],"replies":[{"embeddable":true,"href":"https:\/\/vrtecacc13.splet.arnes.si\/index.php?rest_route=%2Fwp%2Fv2%2Fcomments&post=432"}],"version-history":[{"count":12,"href":"https:\/\/vrtecacc13.splet.arnes.si\/index.php?rest_route=\/wp\/v2\/pages\/432\/revisions"}],"predecessor-version":[{"id":8648,"href":"https:\/\/vrtecacc13.splet.arnes.si\/index.php?rest_route=\/wp\/v2\/pages\/432\/revisions\/8648"}],"wp:attachment":[{"href":"https:\/\/vrtecacc13.splet.arnes.si\/index.php?rest_route=%2Fwp%2Fv2%2Fmedia&parent=432"}],"curies":[{"name":"wp","href":"https:\/\/api.w.org\/{rel}","templated":true}]}}