{"id":6672,"date":"2021-09-10T11:23:25","date_gmt":"2021-09-10T09:23:25","guid":{"rendered":"https:\/\/vrtecacc13.splet.arnes.si\/?page_id=6672"},"modified":"2022-10-20T11:47:04","modified_gmt":"2022-10-20T09:47:04","slug":"sepa-direktne-obremenitve-trajniki","status":"publish","type":"page","link":"https:\/\/vrtecacc13.splet.arnes.si\/?page_id=6672","title":{"rendered":"Sepa direktne obremenitve &#8211; trajniki"},"content":{"rendered":"<p class=\"art-postheader\">Obve\u0161\u010damo vas, da je na&nbsp; podlagi Zakona o pla\u010dilnih storitvah mo\u017eno iz<b>vajanje direktnih bremenitev po pravilih SEPA (kraj\u0161e SDD),&nbsp;<\/b>ki omogo\u010dajo enoten na\u010din pla\u010devanja v Evropski uniji. SDD se izvajajo na podlagi soglasja med prejemnikom pla\u010dila in pla\u010dnikom; namenjena so pla\u010devanju ponavljajo\u010dih se obveznosti in enkratnih pla\u010dil.<\/p>\n<div class=\"art-postcontent clearfix\">\n<div class=\"art-article\">\n<p class=\"Default\">Na spletni strani smo pripravili obrazec za otvoritev trajnika&nbsp; oz. izdajo&nbsp;<a href=\"https:\/\/vrtecacc13.splet.arnes.si\/files\/2022\/10\/SOGLASJE_SDD.pdf\"><strong>Soglasja za SEPA direktno obremenitev<\/strong><\/a><b>,&nbsp;<\/b>ki ga, v kolikor se \u017eelite vklju\u010diti v sistem, natisnjenega in izpolnjenega prinesete v ra\u010dunovodstvo Vrtca Anice \u010cernejeve, Kajuhova ulica 5. Sprejemali bomo samo pravilno izpolnjene in podpisane obrazce. Obrazec Soglasje za SEPA direktno obremenitev lahko dobite in izpolnite tudi na upravi vrtca. Za ureditev SDD prinesite s seboj ban\u010dno kartico.<\/p>\n<p class=\"Default\"><b>Direktne obremenitve bomo izvajali enako kot do sedaj, to je 18. v mesecu.&nbsp;<\/b>Pla\u010dnik je dol\u017ean pravo\u010dasno zagotoviti zadostno kritje na svojem TRR za poravnavo ra\u010duna vrtca. Vrtec bo vsak mesec z ra\u010dunom pisno&nbsp;obvestil svoje pla\u010dnike o vi\u0161ini zneska pred bremenitvijo TRR pla\u010dnika.<\/p>\n<p class=\"Default\">Za vsa morebitna vpra\u0161anja glede direktne obremenitve smo dosegljivi na tel. \u0161t. 03 42 86 454,<br \/>\ne-po\u0161ta: darja.mraz@guest.arnes.si<span id=\"cloak91085\"><strong>,<\/strong>&nbsp;<\/span>lahko pa se oglasite osebno v ra\u010dunovodstvu vrtca, na naslovu: Kajuhova ulica 5, 3000 Celje.<\/p>\n<\/div>\n<\/div>\n","protected":false},"excerpt":{"rendered":"<p>Obve\u0161\u010damo vas, da je na&nbsp; podlagi Zakona o pla\u010dilnih storitvah mo\u017eno izvajanje direktnih bremenitev po pravilih SEPA (kraj\u0161e SDD),&nbsp;ki omogo\u010dajo enoten na\u010din pla\u010devanja v Evropski uniji. SDD se izvajajo na podlagi soglasja med prejemnikom pla\u010dila in pla\u010dnikom; namenjena so pla\u010devanju ponavljajo\u010dih se obveznosti in enkratnih pla\u010dil. Na spletni strani smo pripravili obrazec za otvoritev trajnika&nbsp; [&hellip;]<\/p>\n","protected":false},"author":7149,"featured_media":0,"parent":404,"menu_order":0,"comment_status":"closed","ping_status":"closed","template":"","meta":{"_et_pb_use_builder":"","_et_pb_old_content":"","_et_gb_content_width":"","ngg_post_thumbnail":0,"footnotes":""},"class_list":["post-6672","page","type-page","status-publish","hentry"],"_links":{"self":[{"href":"https:\/\/vrtecacc13.splet.arnes.si\/index.php?rest_route=\/wp\/v2\/pages\/6672","targetHints":{"allow":["GET"]}}],"collection":[{"href":"https:\/\/vrtecacc13.splet.arnes.si\/index.php?rest_route=\/wp\/v2\/pages"}],"about":[{"href":"https:\/\/vrtecacc13.splet.arnes.si\/index.php?rest_route=\/wp\/v2\/types\/page"}],"author":[{"embeddable":true,"href":"https:\/\/vrtecacc13.splet.arnes.si\/index.php?rest_route=\/wp\/v2\/users\/7149"}],"replies":[{"embeddable":true,"href":"https:\/\/vrtecacc13.splet.arnes.si\/index.php?rest_route=%2Fwp%2Fv2%2Fcomments&post=6672"}],"version-history":[{"count":2,"href":"https:\/\/vrtecacc13.splet.arnes.si\/index.php?rest_route=\/wp\/v2\/pages\/6672\/revisions"}],"predecessor-version":[{"id":7296,"href":"https:\/\/vrtecacc13.splet.arnes.si\/index.php?rest_route=\/wp\/v2\/pages\/6672\/revisions\/7296"}],"up":[{"embeddable":true,"href":"https:\/\/vrtecacc13.splet.arnes.si\/index.php?rest_route=\/wp\/v2\/pages\/404"}],"wp:attachment":[{"href":"https:\/\/vrtecacc13.splet.arnes.si\/index.php?rest_route=%2Fwp%2Fv2%2Fmedia&parent=6672"}],"curies":[{"name":"wp","href":"https:\/\/api.w.org\/{rel}","templated":true}]}}