{"id":6674,"date":"2021-09-10T11:25:28","date_gmt":"2021-09-10T09:25:28","guid":{"rendered":"https:\/\/vrtecacc13.splet.arnes.si\/?page_id=6674"},"modified":"2021-09-10T11:25:28","modified_gmt":"2021-09-10T09:25:28","slug":"obcina-stalnega-bivalisca-zavezanka-placila-razlike-v-ceni","status":"publish","type":"page","link":"https:\/\/vrtecacc13.splet.arnes.si\/?page_id=6674","title":{"rendered":"Ob\u010dina stalnega bivali\u0161\u010da = zavezanka pla\u010dila razlike v ceni"},"content":{"rendered":"<p>Spo\u0161tovani star\u0161i, obve\u0161\u010damo vas, da je bil v Zakonu o ukrepih za uravnote\u017eenje javnih financ ob\u010din (Ur. l. RS, \u0161t. 14\/2015 z dne 28. 2. 2015) spremenjen \u010detrti odstavek 28. \u010dlena Zakona o vrtcih v smislu, da razliko med ceno programov in pla\u010dilom star\u0161ev zagotavlja ob\u010dina,\u00a0<strong>v kateri imajo star\u0161i skupaj z otrokom, ki je vklju\u010den v vrtec, stalno prebivali\u0161\u010de oziroma ima stalno prebivali\u0161\u010de skupaj z otrokom vsaj eden od star\u0161ev.<\/strong><\/p>\n<p>(Prvotno je Zakon o vrtcih dolo\u010dal, da sredstva v vi\u0161ini razlike med ceno programov in pla\u010dilom star\u0161ev zagotavlja ob\u010dina,\u00a0<strong>v kateri imajo otrokovi star\u0161i stalno prebivali\u0161\u010de.<\/strong>)<\/p>\n<p>Ob\u010dina zagotavlja tudi sredstva za otroke tujcev, \u010de ima vsaj eden od star\u0161ev skupaj z otrokom na njenem obmo\u010dju za\u010dasno prebivali\u0161\u010de in je zavezanec za dohodnino v Republiki Sloveniji.<\/p>\n<p>Sprememba se za\u010dne uporabljati 1. 6. 2015.<\/p>\n<p><strong>Pomembno za star\u0161e je, da vsako spremembo stalnega prebivali\u0161\u010da ob\u010dine bivanja javijo na upravo vrtca in pristojnemu centru za socialno delo zaradi pravilnosti izdaje odlo\u010dbe za subvencijo pla\u010dila vrtca.<\/strong><\/p>\n","protected":false},"excerpt":{"rendered":"<p>Spo\u0161tovani star\u0161i, obve\u0161\u010damo vas, da je bil v Zakonu o ukrepih za uravnote\u017eenje javnih financ ob\u010din (Ur. l. RS, \u0161t. 14\/2015 z dne 28. 2. 2015) spremenjen \u010detrti odstavek 28. \u010dlena Zakona o vrtcih v smislu, da razliko med ceno programov in pla\u010dilom star\u0161ev zagotavlja ob\u010dina,\u00a0v kateri imajo star\u0161i skupaj z otrokom, ki je vklju\u010den [&hellip;]<\/p>\n","protected":false},"author":7149,"featured_media":0,"parent":404,"menu_order":0,"comment_status":"closed","ping_status":"closed","template":"","meta":{"_et_pb_use_builder":"","_et_pb_old_content":"","_et_gb_content_width":"","ngg_post_thumbnail":0,"footnotes":""},"class_list":["post-6674","page","type-page","status-publish","hentry"],"_links":{"self":[{"href":"https:\/\/vrtecacc13.splet.arnes.si\/index.php?rest_route=\/wp\/v2\/pages\/6674","targetHints":{"allow":["GET"]}}],"collection":[{"href":"https:\/\/vrtecacc13.splet.arnes.si\/index.php?rest_route=\/wp\/v2\/pages"}],"about":[{"href":"https:\/\/vrtecacc13.splet.arnes.si\/index.php?rest_route=\/wp\/v2\/types\/page"}],"author":[{"embeddable":true,"href":"https:\/\/vrtecacc13.splet.arnes.si\/index.php?rest_route=\/wp\/v2\/users\/7149"}],"replies":[{"embeddable":true,"href":"https:\/\/vrtecacc13.splet.arnes.si\/index.php?rest_route=%2Fwp%2Fv2%2Fcomments&post=6674"}],"version-history":[{"count":1,"href":"https:\/\/vrtecacc13.splet.arnes.si\/index.php?rest_route=\/wp\/v2\/pages\/6674\/revisions"}],"predecessor-version":[{"id":6675,"href":"https:\/\/vrtecacc13.splet.arnes.si\/index.php?rest_route=\/wp\/v2\/pages\/6674\/revisions\/6675"}],"up":[{"embeddable":true,"href":"https:\/\/vrtecacc13.splet.arnes.si\/index.php?rest_route=\/wp\/v2\/pages\/404"}],"wp:attachment":[{"href":"https:\/\/vrtecacc13.splet.arnes.si\/index.php?rest_route=%2Fwp%2Fv2%2Fmedia&parent=6674"}],"curies":[{"name":"wp","href":"https:\/\/api.w.org\/{rel}","templated":true}]}}