{"id":711,"date":"2016-01-15T10:35:37","date_gmt":"2016-01-15T09:35:37","guid":{"rendered":"http:\/\/vrtecacc.splet.arnes.si\/?page_id=711"},"modified":"2025-09-22T12:09:56","modified_gmt":"2025-09-22T10:09:56","slug":"naglavne-usi-v-vrtcu","status":"publish","type":"page","link":"https:\/\/vrtecacc13.splet.arnes.si\/?page_id=711","title":{"rendered":"Naglavne u\u0161i v vrtcu"},"content":{"rendered":"<p>Podrobna gradiva NIJZ za star\u0161e glede prepre\u010devanja in odpravljanja u\u0161ivosti: <a href=\"http:\/\/www.nijz.si\/sl\/usi-naglavne-usi\">http:\/\/www.nijz.si\/sl\/usi-naglavne-usi<\/a><\/p>\n<p><em>Povzetek navodil Nacionalnega in\u0161tituta za javno zdravje pri prepre\u010devanju in odpravljanju u\u0161ivosti (dostopno na spletni strani <\/em><a href=\"http:\/\/www.nijz.si\/sl\/usi-naglavne-usi\"><em>http:\/\/www.nijz.si\/sl\/usi-naglavne-usi<\/em><\/a><em>; 6.1.2016) :<\/em><\/p>\n<p>Otrokom vklju\u010denim v kolektiv je smiselno enkrat tedensko pregledati lasi\u0161\u010de. V primeru pojava u\u0161i ali \u010de v vrtcu preberete obvestilo, da so se v skupini, ki jo obiskuje va\u0161 otrok pojavile naglavne u\u0161i, lasi\u0161\u010de pregledamo vsak dan. Lasi\u0161\u010de je potrebno natan\u010dno pregledati tudi vsem ostalim dru\u017einskim \u010dlanom.<\/p>\n<p>Star\u0161i imate klju\u010dno vlogo pri prepre\u010devanju in odpravljanju u\u0161ivosti.<\/p>\n<ol>\n<li><strong>Postopek pregledovanja\/pre\u010desavanja lasi\u0161\u010da<\/strong><\/li>\n<li>Najbolje vidimo u\u0161i in gnide pri dnevni svetlobi, pomagate si lahko tudi z dobro lu\u010djo in s pove\u010devalno le\u010do.<br \/>\n2. Pregledamo celotno lasi\u0161\u010de, posebno v zatilju in za u\u0161esi.<br \/>\n3. Za iskanje u\u0161i in gnid uporabimo gost glavnik (razmik med zobmi naj bo od 0,2 do 0,3 mm).<br \/>\n4. Pre\u010desavamo lahko suhe lase, bolj priporo\u010dljivo pa je, da lase prej operemo z navadnim \u0161amponom (zaradi bolj\u0161e lo\u010dljivosti).<br \/>\n5. Okrog vratu namestimo bel papir ali belo brisa\u010do, na kateri bodo u\u0161i ali gnide bolje vidne.<br \/>\n6. S pre\u010desavanjem za\u010dnemo za u\u0161esi, nadaljujemo po posameznih pramenih las, od narasti\u0161\u010da las po celi njihovi dol\u017eini.<br \/>\n7. Za vsakim potegom skrbno pregledamo glavnik in ga obri\u0161emo s papirnatim rob\u010dkom, ki ga nato zavr\u017eemo v prej pripravljeno vre\u010dko.<br \/>\n8. Na vsakem posameznem pramenu las postopek ponovimo od 3- do 5-krat.<br \/>\n9. Po kon\u010danem postopku zavr\u017eemo vre\u010dko s papirnatimi rob\u010dki, glavnik operemo in namo\u010dimo v vro\u010di vodi (&gt;60\u00baC).<br \/>\n10. <u>Odrasle u\u0161i<\/u>: so velike od 3 do 4 mm &#8211; dol\u017eina sezamovega semena. So svetle barve, ko se napijejo krvi pa se obarvajo rde\u010dkasto. Najpogosteje jih najdemo v zatilju in za u\u0161esi.<br \/>\n<u>Gnide<\/u>: \u017eive gnide so rjavkaste barve, velike kak\u0161en milimeter in mo\u010dno prilepljene na lase. \u010ce jih stisnemo med dvema nohtoma, po\u010dijo, medtem ko mrtve, ki so motno bele barve, ne.<\/li>\n<\/ol>\n<p>O pojavu naglavnih u\u0161i nemudoma obvestite vrtec in vse, ki so bili v zadnjih 14. dneh v tesnem stiku z osebo, ki ima u\u0161i!<\/p>\n<ol>\n<li><strong>Postopek razu\u0161evanja<\/strong><\/li>\n<\/ol>\n<p>\u010ce so se pri va\u0161em otroku pojavile naglavne u\u0161i, <strong><u>je nujno<\/u><\/strong>, da natan\u010dno izvedete razu\u0161evanje (samo raz\u010desavanje ni u\u010dinkovita metoda razu\u0161evanja):<br \/>\n1<u>. V lekarni izberite u\u010dinkovito sredstvo proti naglavnim u\u0161em <\/u>(o izbiri primernega sredstva se posvetujte s farmacevtom ali z otrokovim izbranim zdravnikom). Pred uporabo natan\u010dno preberite navodilo za uporabo in ga dosledno upo\u0161tevajte (preparate za razu\u0161evanje vedno uporabljamo samo pri osebah, pri katerih najdemo u\u0161i ali \u017eive gnide, nikoli pa v preventivne namene).<br \/>\n2. <u>Nanesite ga enakomerno po vsem lasi\u0161\u010du<\/u> \u2013 na suho lasi\u0161\u010de oz. po navodilu proizvajalca. Pazite, da prekrijete celotno lasi\u0161\u010de<br \/>\n3. <u>Preparat pustite delovati vsaj 10 min oz. upo\u0161tevajte prilo\u017eeno navodilo.<br \/>\n<\/u>4. <u>Lasi\u0161\u010de izperite z vodo in obri\u0161ite z brisa\u010do. Pre\u010de\u0161ite ga z navadnim glavnikom, nato pa \u0161e z glavnikom z gostimi zobmi<\/u>, da odstranite mrtve u\u0161i in gnide.<br \/>\n<strong><em>Razu\u0161evanje vedno na enak na\u010din ponovite \u010dez <u>7 do 10 dni.<\/u> <\/em><\/strong><\/p>\n<p>Med enim in drugim postopkom razu\u0161evanja <strong>vsak dan<\/strong> preglejte lasi\u0161\u010de oz. ga pre\u010desavajte z gostim glavnikom in mehansko, ro\u010dno&nbsp; odstranjujte morebitne gnide. Natan\u010dno preglejte celotno lasi\u0161\u010de, od narasti\u0161\u010da las proti konicam po pramenih, posebej v zatilju in za u\u0161esi. Las ne umijte vsaj \u0161e dan ali dva po tem, ko ste izprali preparat za razu\u0161evanje.<\/p>\n<ol>\n<li><strong>Po kon\u010danem postopku razu\u0161evanja<\/strong>:<br \/>\n&#8211; operite v vro\u010di vodi (60\u00b0C) glavnike, krta\u010de, kape, \u0161ale, obla\u010dila, perilo, brisa\u010de, posteljnino, vse kar je bilo v stiku z lasmi,<br \/>\n-predmete, ki jih ne morete oprati, neprepustno zaprite v plasti\u010dno vre\u010dko in jih umaknite iz uporabe za 10 \u2013 14 dni (sobna temperatura),<br \/>\n-posesajte oblazinjeno pohi\u0161tvo in preproge.<strong>Otrok se lahko vrne v vrtec naslednji dan po uspe\u0161no opravljenem razu\u0161evanju. <\/strong><\/li>\n<\/ol>\n<p>V pdf obliki si lahko prispevek prenesete <a href=\"http:\/\/vrtecacc.splet.arnes.si\/files\/2016\/01\/u\u0161i-za-internetno-stran.pdf\" target=\"_blank\" rel=\"noopener\">tukaj<\/a>.<\/p>\n<p style=\"text-align: right\"><strong>OZHRIP:<br \/>\nAna Veber<\/strong><\/p>\n","protected":false},"excerpt":{"rendered":"<p>Podrobna gradiva NIJZ za star\u0161e glede prepre\u010devanja in odpravljanja u\u0161ivosti: http:\/\/www.nijz.si\/sl\/usi-naglavne-usi Povzetek navodil Nacionalnega in\u0161tituta za javno zdravje pri prepre\u010devanju in odpravljanju u\u0161ivosti (dostopno na spletni strani http:\/\/www.nijz.si\/sl\/usi-naglavne-usi; 6.1.2016) : Otrokom vklju\u010denim v kolektiv je smiselno enkrat tedensko pregledati lasi\u0161\u010de. V primeru pojava u\u0161i ali \u010de v vrtcu preberete obvestilo, da so se v skupini, [&hellip;]<\/p>\n","protected":false},"author":11798,"featured_media":0,"parent":0,"menu_order":0,"comment_status":"closed","ping_status":"closed","template":"","meta":{"_et_pb_use_builder":"","_et_pb_old_content":"","_et_gb_content_width":"","ngg_post_thumbnail":0,"footnotes":""},"class_list":["post-711","page","type-page","status-publish","hentry"],"_links":{"self":[{"href":"https:\/\/vrtecacc13.splet.arnes.si\/index.php?rest_route=\/wp\/v2\/pages\/711","targetHints":{"allow":["GET"]}}],"collection":[{"href":"https:\/\/vrtecacc13.splet.arnes.si\/index.php?rest_route=\/wp\/v2\/pages"}],"about":[{"href":"https:\/\/vrtecacc13.splet.arnes.si\/index.php?rest_route=\/wp\/v2\/types\/page"}],"author":[{"embeddable":true,"href":"https:\/\/vrtecacc13.splet.arnes.si\/index.php?rest_route=\/wp\/v2\/users\/11798"}],"replies":[{"embeddable":true,"href":"https:\/\/vrtecacc13.splet.arnes.si\/index.php?rest_route=%2Fwp%2Fv2%2Fcomments&post=711"}],"version-history":[{"count":1,"href":"https:\/\/vrtecacc13.splet.arnes.si\/index.php?rest_route=\/wp\/v2\/pages\/711\/revisions"}],"predecessor-version":[{"id":8640,"href":"https:\/\/vrtecacc13.splet.arnes.si\/index.php?rest_route=\/wp\/v2\/pages\/711\/revisions\/8640"}],"wp:attachment":[{"href":"https:\/\/vrtecacc13.splet.arnes.si\/index.php?rest_route=%2Fwp%2Fv2%2Fmedia&parent=711"}],"curies":[{"name":"wp","href":"https:\/\/api.w.org\/{rel}","templated":true}]}}