{"id":8403,"date":"2024-12-16T13:01:35","date_gmt":"2024-12-16T12:01:35","guid":{"rendered":"https:\/\/vrtecacc13.splet.arnes.si\/?page_id=8403"},"modified":"2024-12-17T09:33:27","modified_gmt":"2024-12-17T08:33:27","slug":"zgodnja-obravnava-otrok-6","status":"publish","type":"page","link":"https:\/\/vrtecacc13.splet.arnes.si\/?page_id=8403","title":{"rendered":"Zgodnja obravnava otrok"},"content":{"rendered":"<p>V pred\u0161olskem obdobju je pomembno zgodnje prepoznavanje odstopanj v otrokovem razvoju. Odstopanja se lahko pojavijo na razli\u010dnih podro\u010djih: govorno-jezikovnem, telesnem, gibalnem, kognitivnem, socialno-\u010dustvenem in zaznavnem. Ob ugotovitvi morebitnih razvojnih odstopanj se lahko dru\u017eina in otrok vklju\u010dijo v sistem zgodnje obravnave, s ciljem zagotovitve strokovne pomo\u010di. To nam narekuje Zakon o celostni zgodnji obravnavi otrok s posebnimi potrebami.<\/p>\n<p>Zakonodaja omogo\u010da hitrej\u0161o in la\u017ejo pridobitev pomo\u010di. To pomeni, da se lahko sodelovanje z vzgojiteljem za zgodnjo obravnavo pri\u010dne \u017ee pred obiskom Centra za zgodnjo obravnavo oziroma pridobitvijo zapisnika multidisciplinarnega tima. Za pri\u010detek sodelovanja je potrebno pisno soglasje star\u0161ev.<\/p>\n<p>Oblike sodelovanja z vzgojiteljem za zgodnjo obravnavo:<span class=\"Apple-converted-space\">&nbsp;<\/span><\/p>\n<ul>\n<li>svetovanje vzgojiteljem za delo z otrokom,<span class=\"Apple-converted-space\">&nbsp;<\/span><\/li>\n<li>svetovanje star\u0161em za delo z otrokom,<span class=\"Apple-converted-space\">&nbsp;<\/span><\/li>\n<li>pomo\u010d pri vklju\u010devanju in delu otroka v skupini,<span class=\"Apple-converted-space\">&nbsp;<\/span><\/li>\n<li>individualizirana pomo\u010d otroku.<\/li>\n<\/ul>\n<p><a href=\"https:\/\/vrtecacc13.splet.arnes.si\/files\/2024\/12\/Koraki_sm.png\"><img loading=\"lazy\" decoding=\"async\" class=\"alignnone  wp-image-8408\" src=\"https:\/\/vrtecacc13.splet.arnes.si\/files\/2024\/12\/Koraki_sm-300x169.png\" alt=\"\" width=\"556\" height=\"313\" srcset=\"https:\/\/vrtecacc13.splet.arnes.si\/files\/2024\/12\/Koraki_sm-300x169.png 556w, https:\/\/vrtecacc13.splet.arnes.si\/files\/2024\/12\/Koraki_sm-480x270.png 480w\" sizes=\"(min-width: 0px) and (max-width: 480px) 480px, (min-width: 481px) 556px, 100vw\" \/><\/a><\/p>\n<p><b>Dodatna strokovna pomo\u010d (DSP)<\/b><\/p>\n<p>Na urah dodatne strokovne pomo\u010di se spodbuja otrokov razvoj in pomaga premostiti primanjkljaje na razli\u010dnih podro\u010djih njegovega razvoja.<\/p>\n<p><b>Kdo izvaja DSP?<\/b><\/p>\n<p>Dodatno strokovno pomo\u010d v vrtcu izvaja vzgojitelj za zgodnjo obravnavo (specialni in rehabilitacijski pedagog, inkluzivni pedagog, vzgojitelj pred\u0161olskih otrok), logoped, surdopedagog, tiflopedagog, \u2026<\/p>\n<p><b>Kako poteka?<\/b><span class=\"Apple-converted-space\">&nbsp;<\/span><\/p>\n<p>Poteka individualno ali v skupini, v oddelku ali izven oddelka, odvisno od otrokovih primanjkljajev, v obsegu ur, ki so otroku dolo\u010dene z zakonom oz. zapisnikom.<span class=\"Apple-converted-space\">&nbsp;<\/span><\/p>\n<p>Dejavnosti so na\u010drtovane v skladu s cilji, zapisanimi v individualiziranem programu in potekajo preko igre. Prav tako so individualno prilagojene otrokovi stopnji razvoja ter njegovim primanjkljajem.<\/p>\n<p><b>Kaj \u0161e vklju\u010duje DSP?<\/b><span class=\"Apple-converted-space\">&nbsp;<\/span><\/p>\n<p>Dodatna strokovna pomo\u010d vklju\u010duje tudi svetovanje in podporo star\u0161em ter vzgojiteljem pri delu z otrokom. V primeru, da potrebujete kak\u0161ne dodatne informacije se lahko obrnete na izvajalki DSP:<\/p>\n<ul>\n<li><b>Simona Jereb<\/b>, inkluzivna pedagoginja (enota Luna in enota Hrib\u010dek)<br \/>\nTelefonska \u0161tevilka: 03 428 64 76<br \/>\nElektronski naslov: simona.jereb2@guest.arnes.si<\/li>\n<\/ul>\n<ul>\n<li><b>Julija Viden\u0161ek<\/b>, specialna in rehabilitacijska pedagoginja (enota Mavrica in enota Sonce)<br \/>\nTelefonska \u0161tevilka: 03 425 38 30<\/li>\n<\/ul>\n","protected":false},"excerpt":{"rendered":"<p>V pred\u0161olskem obdobju je pomembno zgodnje prepoznavanje odstopanj v otrokovem razvoju. Odstopanja se lahko pojavijo na razli\u010dnih podro\u010djih: govorno-jezikovnem, telesnem, gibalnem, kognitivnem, socialno-\u010dustvenem in zaznavnem. Ob ugotovitvi morebitnih razvojnih odstopanj se lahko dru\u017eina in otrok vklju\u010dijo v sistem zgodnje obravnave, s ciljem zagotovitve strokovne pomo\u010di. To nam narekuje Zakon o celostni zgodnji obravnavi otrok s [&hellip;]<\/p>\n","protected":false},"author":1147,"featured_media":0,"parent":0,"menu_order":0,"comment_status":"closed","ping_status":"closed","template":"","meta":{"_et_pb_use_builder":"","_et_pb_old_content":"","_et_gb_content_width":"","ngg_post_thumbnail":0,"footnotes":""},"class_list":["post-8403","page","type-page","status-publish","hentry"],"_links":{"self":[{"href":"https:\/\/vrtecacc13.splet.arnes.si\/index.php?rest_route=\/wp\/v2\/pages\/8403","targetHints":{"allow":["GET"]}}],"collection":[{"href":"https:\/\/vrtecacc13.splet.arnes.si\/index.php?rest_route=\/wp\/v2\/pages"}],"about":[{"href":"https:\/\/vrtecacc13.splet.arnes.si\/index.php?rest_route=\/wp\/v2\/types\/page"}],"author":[{"embeddable":true,"href":"https:\/\/vrtecacc13.splet.arnes.si\/index.php?rest_route=\/wp\/v2\/users\/1147"}],"replies":[{"embeddable":true,"href":"https:\/\/vrtecacc13.splet.arnes.si\/index.php?rest_route=%2Fwp%2Fv2%2Fcomments&post=8403"}],"version-history":[{"count":8,"href":"https:\/\/vrtecacc13.splet.arnes.si\/index.php?rest_route=\/wp\/v2\/pages\/8403\/revisions"}],"predecessor-version":[{"id":8421,"href":"https:\/\/vrtecacc13.splet.arnes.si\/index.php?rest_route=\/wp\/v2\/pages\/8403\/revisions\/8421"}],"wp:attachment":[{"href":"https:\/\/vrtecacc13.splet.arnes.si\/index.php?rest_route=%2Fwp%2Fv2%2Fmedia&parent=8403"}],"curies":[{"name":"wp","href":"https:\/\/api.w.org\/{rel}","templated":true}]}}