{"id":922,"date":"2016-06-15T15:50:07","date_gmt":"2016-06-15T13:50:07","guid":{"rendered":"http:\/\/vrtecacc.splet.arnes.si\/?page_id=922"},"modified":"2016-06-15T15:50:07","modified_gmt":"2016-06-15T13:50:07","slug":"varnost","status":"publish","type":"page","link":"https:\/\/vrtecacc13.splet.arnes.si\/?page_id=922","title":{"rendered":"Varnost"},"content":{"rendered":"<p><a href=\"http:\/\/vrtecacc.splet.arnes.si\/files\/2016\/06\/obvestilo-za-internetno-stran.pdf\" target=\"_blank\">Protokol ravnanj v povezavi z zdravjem otrok pri igri na otro\u0161kih igri\u0161\u010dih vrtca<\/a><\/p>\n","protected":false},"excerpt":{"rendered":"<p>Protokol ravnanj v povezavi z zdravjem otrok pri igri na otro\u0161kih igri\u0161\u010dih vrtca<\/p>\n","protected":false},"author":11798,"featured_media":0,"parent":0,"menu_order":0,"comment_status":"closed","ping_status":"closed","template":"","meta":{"_et_pb_use_builder":"","_et_pb_old_content":"","_et_gb_content_width":"","ngg_post_thumbnail":0,"footnotes":""},"class_list":["post-922","page","type-page","status-publish","hentry"],"_links":{"self":[{"href":"https:\/\/vrtecacc13.splet.arnes.si\/index.php?rest_route=\/wp\/v2\/pages\/922","targetHints":{"allow":["GET"]}}],"collection":[{"href":"https:\/\/vrtecacc13.splet.arnes.si\/index.php?rest_route=\/wp\/v2\/pages"}],"about":[{"href":"https:\/\/vrtecacc13.splet.arnes.si\/index.php?rest_route=\/wp\/v2\/types\/page"}],"author":[{"embeddable":true,"href":"https:\/\/vrtecacc13.splet.arnes.si\/index.php?rest_route=\/wp\/v2\/users\/11798"}],"replies":[{"embeddable":true,"href":"https:\/\/vrtecacc13.splet.arnes.si\/index.php?rest_route=%2Fwp%2Fv2%2Fcomments&post=922"}],"version-history":[{"count":0,"href":"https:\/\/vrtecacc13.splet.arnes.si\/index.php?rest_route=\/wp\/v2\/pages\/922\/revisions"}],"wp:attachment":[{"href":"https:\/\/vrtecacc13.splet.arnes.si\/index.php?rest_route=%2Fwp%2Fv2%2Fmedia&parent=922"}],"curies":[{"name":"wp","href":"https:\/\/api.w.org\/{rel}","templated":true}]}}